{"id":776,"date":"2022-05-18T22:36:26","date_gmt":"2022-05-18T20:36:26","guid":{"rendered":"https:\/\/carnavallublin.eu\/urban-highline-festival\/"},"modified":"2023-02-15T14:29:45","modified_gmt":"2023-02-15T13:29:45","slug":"circus-next","status":"publish","type":"page","link":"https:\/\/carnavallublin.eu\/en\/circus-next\/","title":{"rendered":"CIRCUS NEXT"},"content":{"rendered":"<div class=\"fusion-fullwidth fullwidth-box fusion-builder-row-1 fusion-flex-container nonhundred-percent-fullwidth non-hundred-percent-height-scrolling\" style=\"--awb-border-radius-top-left:0px;--awb-border-radius-top-right:0px;--awb-border-radius-bottom-right:0px;--awb-border-radius-bottom-left:0px;\" ><div class=\"fusion-builder-row fusion-row fusion-flex-align-items-flex-start\" style=\"max-width:1996.8px;margin-left: calc(-4% \/ 2 );margin-right: calc(-4% \/ 2 );\"><div class=\"fusion-layout-column fusion_builder_column fusion-builder-column-0 fusion_builder_column_1_1 1_1 fusion-flex-column\" style=\"--awb-bg-blend:overlay;--awb-bg-size:cover;--awb-width-large:100%;--awb-margin-top-large:0px;--awb-spacing-right-large:1.92%;--awb-margin-bottom-large:0px;--awb-spacing-left-large:1.92%;--awb-width-medium:100%;--awb-spacing-right-medium:1.92%;--awb-spacing-left-medium:1.92%;--awb-width-small:100%;--awb-spacing-right-small:1.92%;--awb-spacing-left-small:1.92%;\"><div class=\"fusion-column-wrapper fusion-flex-justify-content-flex-start fusion-content-layout-column\"><div class=\"fusion-text fusion-text-1\"><div class=\"fusion-text fusion-text-1\">\n<p class=\"western\">Circus Next PLATFORM is a project for the development and promotion of a contemporary circus in Europe. In the years 2017-22, Carnaval Sztukmistrzow served as its local representative for Poland, in charge of the project\u2019s promotion, local consultations, and organising the work of the contest jury.<\/p>\n<\/div>\n<div class=\"fusion-text fusion-text-2 description_scrollbar custom_scrollbar_0 mCustomScrollbar _mCS_4 mCS_no_scrollbar\">\n<div id=\"mCSB_4\" class=\"mCustomScrollBox mCS-light mCSB_vertical mCSB_outside\" tabindex=\"0\">\n<div id=\"mCSB_4_container\" class=\"mCSB_container mCS_y_hidden mCS_no_scrollbar_y\" dir=\"ltr\">\n<p>Circus Next has been established to identify and support emerging artists in the field of contemporary circus. It focuses on original and unique projects that can contribute to the development of contemporary circus. Circus Next is made up of 30 members from 17 European countries, including representatives of European festivals, theatres and circuses, as well as heads of institutions connected with new circus.<\/p>\n<p>It provides financial, residential, mentoring and administrative support in creating shows and increasing the visibility of artists internationally. CircusNext has become the platform for the development of contemporary circus in Europe.\u00a0 Since 2001, the platform has supported 78 art groups from Europe, some of which have grown into the stars of the contemporary circus scene.<\/p>\n<p><img decoding=\"async\" class=\"alignnone size-medium wp-image-1223\" src=\"https:\/\/carnavallublin.eu\/wp-content\/uploads\/2022\/06\/CircusNext-Logo-HC-Red-300x109-1.png\" alt=\"\" width=\"300\" height=\"109\" srcset=\"https:\/\/carnavallublin.eu\/wp-content\/uploads\/2022\/06\/CircusNext-Logo-HC-Red-300x109-1-200x73.png 200w, https:\/\/carnavallublin.eu\/wp-content\/uploads\/2022\/06\/CircusNext-Logo-HC-Red-300x109-1.png 300w\" sizes=\"(max-width: 300px) 100vw, 300px\" \/><img decoding=\"async\" class=\"alignnone size-full wp-image-1221\" src=\"https:\/\/carnavallublin.eu\/wp-content\/uploads\/2022\/06\/eu_flag_creative_europe_co_funded_pos_rgb_right-300x75-1.jpg\" alt=\"\" width=\"300\" height=\"75\" srcset=\"https:\/\/carnavallublin.eu\/wp-content\/uploads\/2022\/06\/eu_flag_creative_europe_co_funded_pos_rgb_right-300x75-1-200x50.jpg 200w, https:\/\/carnavallublin.eu\/wp-content\/uploads\/2022\/06\/eu_flag_creative_europe_co_funded_pos_rgb_right-300x75-1.jpg 300w\" sizes=\"(max-width: 300px) 100vw, 300px\" \/><\/p>\n<p>This project has been funded with support from the European Commission. It is understood that any information contained in this publication or project reflects only the views of the author and that the Commission is not responsible for it.<\/p>\n<\/div>\n<\/div>\n<\/div>\n<\/div><\/div><\/div><\/div><\/div>\n","protected":false},"excerpt":{"rendered":"","protected":false},"author":2,"featured_media":1578,"parent":0,"menu_order":0,"comment_status":"closed","ping_status":"closed","template":"","meta":{"ngg_post_thumbnail":0,"footnotes":""},"acf":[],"yoast_head":"<!-- This site is optimized with the Yoast SEO plugin v22.2 - https:\/\/yoast.com\/wordpress\/plugins\/seo\/ -->\n<title>CIRCUS NEXT - Carnaval Sztukmistrz\u00f3w<\/title>\n<meta name=\"robots\" content=\"index, follow, max-snippet:-1, max-image-preview:large, max-video-preview:-1\" \/>\n<link rel=\"canonical\" href=\"https:\/\/carnavallublin.eu\/en\/circus-next\/\" \/>\n<meta property=\"og:locale\" content=\"en_US\" \/>\n<meta property=\"og:type\" content=\"article\" \/>\n<meta property=\"og:title\" content=\"CIRCUS NEXT - Carnaval Sztukmistrz\u00f3w\" \/>\n<meta property=\"og:url\" content=\"https:\/\/carnavallublin.eu\/en\/circus-next\/\" \/>\n<meta property=\"og:site_name\" content=\"Carnaval Sztukmistrz\u00f3w\" \/>\n<meta property=\"article:modified_time\" content=\"2023-02-15T13:29:45+00:00\" \/>\n<meta property=\"og:image\" content=\"https:\/\/carnavallublin.eu\/wp-content\/uploads\/2022\/07\/circus-next.jpg\" \/>\n\t<meta property=\"og:image:width\" content=\"1080\" \/>\n\t<meta property=\"og:image:height\" content=\"720\" \/>\n\t<meta property=\"og:image:type\" content=\"image\/jpeg\" \/>\n<meta name=\"twitter:card\" content=\"summary_large_image\" \/>\n<meta name=\"twitter:label1\" content=\"Est. reading time\" \/>\n\t<meta name=\"twitter:data1\" content=\"2 minutes\" \/>\n<script type=\"application\/ld+json\" class=\"yoast-schema-graph\">{\"@context\":\"https:\/\/schema.org\",\"@graph\":[{\"@type\":\"WebPage\",\"@id\":\"https:\/\/carnavallublin.eu\/en\/circus-next\/\",\"url\":\"https:\/\/carnavallublin.eu\/en\/circus-next\/\",\"name\":\"CIRCUS NEXT - Carnaval Sztukmistrz\u00f3w\",\"isPartOf\":{\"@id\":\"https:\/\/carnavallublin.eu\/en\/#website\"},\"primaryImageOfPage\":{\"@id\":\"https:\/\/carnavallublin.eu\/en\/circus-next\/#primaryimage\"},\"image\":{\"@id\":\"https:\/\/carnavallublin.eu\/en\/circus-next\/#primaryimage\"},\"thumbnailUrl\":\"https:\/\/carnavallublin.eu\/wp-content\/uploads\/2022\/07\/circus-next.jpg\",\"datePublished\":\"2022-05-18T20:36:26+00:00\",\"dateModified\":\"2023-02-15T13:29:45+00:00\",\"breadcrumb\":{\"@id\":\"https:\/\/carnavallublin.eu\/en\/circus-next\/#breadcrumb\"},\"inLanguage\":\"en-US\",\"potentialAction\":[{\"@type\":\"ReadAction\",\"target\":[\"https:\/\/carnavallublin.eu\/en\/circus-next\/\"]}]},{\"@type\":\"ImageObject\",\"inLanguage\":\"en-US\",\"@id\":\"https:\/\/carnavallublin.eu\/en\/circus-next\/#primaryimage\",\"url\":\"https:\/\/carnavallublin.eu\/wp-content\/uploads\/2022\/07\/circus-next.jpg\",\"contentUrl\":\"https:\/\/carnavallublin.eu\/wp-content\/uploads\/2022\/07\/circus-next.jpg\",\"width\":1080,\"height\":720,\"caption\":\"Le spectacle \u201cBRUT \u2013 Le Presque rien\u201d avec Johan Bichot, Netty Radvanyi et Frank Williams Regards ext\u00e9rieurs : Sylvain Decure et Christophe Huysman Cr\u00e9ateur lumi\u00e8re : Thomas Costerg R\u00e9gisseur lumi\u00e8re : Anne Roudiy Vid\u00e9aste \/ Dessinateur : Pierre Mazingarde La plateforme CircusNext permet aux artistes de se faire conna\u00eetre des professionnels du spectacle vivant (programmateurs, coproducteurs, institutionnels\u2026), notamment \u00e0 l\u2019occasion des s\u00e9lections et des pr\u00e9sentations publiques. Le c\u0153ur du dispositif est l'artiste en tant qu'auteur. Il s'agit de former, au niveau europ\u00e9en, une infrastructure durable pour le d\u00e9veloppement des nouvelles \u00e9critures contemporaines circassiennes et la professionnalisation des auteurs \u00e9mergents via des rencontres avec l\u2019ensemble des acteurs du secteur : professionnels du spectacle vivant (artistes, centres de cr\u00e9ation, structures de production, lieux de diffusion), m\u00e9dias, institutions publiques, partenaires priv\u00e9s et publics.CircusNext est un projet de coop\u00e9ration con\u00e7u et organis\u00e9 par un ensemble de partenaires europ\u00e9ens, chacun accueillant une partie des activit\u00e9s (r\u00e9sidences, s\u00e9lections, pr\u00e9sentations publiques, laboratoires, etc.) et finan\u00e7ant conjointement les bourses d\u2019aide \u00e0 l\u2019\u00e9criture.\"},{\"@type\":\"BreadcrumbList\",\"@id\":\"https:\/\/carnavallublin.eu\/en\/circus-next\/#breadcrumb\",\"itemListElement\":[{\"@type\":\"ListItem\",\"position\":1,\"name\":\"Strona g\u0142\u00f3wna\",\"item\":\"https:\/\/carnavallublin.eu\/en\/\"},{\"@type\":\"ListItem\",\"position\":2,\"name\":\"CIRCUS NEXT\"}]},{\"@type\":\"WebSite\",\"@id\":\"https:\/\/carnavallublin.eu\/en\/#website\",\"url\":\"https:\/\/carnavallublin.eu\/en\/\",\"name\":\"Carnaval Sztukmistrz\u00f3w\",\"description\":\"\",\"publisher\":{\"@id\":\"https:\/\/carnavallublin.eu\/en\/#organization\"},\"potentialAction\":[{\"@type\":\"SearchAction\",\"target\":{\"@type\":\"EntryPoint\",\"urlTemplate\":\"https:\/\/carnavallublin.eu\/en\/?s={search_term_string}\"},\"query-input\":\"required name=search_term_string\"}],\"inLanguage\":\"en-US\"},{\"@type\":\"Organization\",\"@id\":\"https:\/\/carnavallublin.eu\/en\/#organization\",\"name\":\"Carnaval Sztukmistrz\u00f3w\",\"url\":\"https:\/\/carnavallublin.eu\/en\/\",\"logo\":{\"@type\":\"ImageObject\",\"inLanguage\":\"en-US\",\"@id\":\"https:\/\/carnavallublin.eu\/en\/#\/schema\/logo\/image\/\",\"url\":\"https:\/\/carnavallublin.eu\/wp-content\/uploads\/2022\/02\/logo_rgb_www.jpg\",\"contentUrl\":\"https:\/\/carnavallublin.eu\/wp-content\/uploads\/2022\/02\/logo_rgb_www.jpg\",\"width\":1181,\"height\":689,\"caption\":\"Carnaval Sztukmistrz\u00f3w\"},\"image\":{\"@id\":\"https:\/\/carnavallublin.eu\/en\/#\/schema\/logo\/image\/\"}}]}<\/script>\n<!-- \/ Yoast SEO plugin. -->","yoast_head_json":{"title":"CIRCUS NEXT - Carnaval Sztukmistrz\u00f3w","robots":{"index":"index","follow":"follow","max-snippet":"max-snippet:-1","max-image-preview":"max-image-preview:large","max-video-preview":"max-video-preview:-1"},"canonical":"https:\/\/carnavallublin.eu\/en\/circus-next\/","og_locale":"en_US","og_type":"article","og_title":"CIRCUS NEXT - Carnaval Sztukmistrz\u00f3w","og_url":"https:\/\/carnavallublin.eu\/en\/circus-next\/","og_site_name":"Carnaval Sztukmistrz\u00f3w","article_modified_time":"2023-02-15T13:29:45+00:00","og_image":[{"width":1080,"height":720,"url":"https:\/\/carnavallublin.eu\/wp-content\/uploads\/2022\/07\/circus-next.jpg","type":"image\/jpeg"}],"twitter_card":"summary_large_image","twitter_misc":{"Est. reading time":"2 minutes"},"schema":{"@context":"https:\/\/schema.org","@graph":[{"@type":"WebPage","@id":"https:\/\/carnavallublin.eu\/en\/circus-next\/","url":"https:\/\/carnavallublin.eu\/en\/circus-next\/","name":"CIRCUS NEXT - Carnaval Sztukmistrz\u00f3w","isPartOf":{"@id":"https:\/\/carnavallublin.eu\/en\/#website"},"primaryImageOfPage":{"@id":"https:\/\/carnavallublin.eu\/en\/circus-next\/#primaryimage"},"image":{"@id":"https:\/\/carnavallublin.eu\/en\/circus-next\/#primaryimage"},"thumbnailUrl":"https:\/\/carnavallublin.eu\/wp-content\/uploads\/2022\/07\/circus-next.jpg","datePublished":"2022-05-18T20:36:26+00:00","dateModified":"2023-02-15T13:29:45+00:00","breadcrumb":{"@id":"https:\/\/carnavallublin.eu\/en\/circus-next\/#breadcrumb"},"inLanguage":"en-US","potentialAction":[{"@type":"ReadAction","target":["https:\/\/carnavallublin.eu\/en\/circus-next\/"]}]},{"@type":"ImageObject","inLanguage":"en-US","@id":"https:\/\/carnavallublin.eu\/en\/circus-next\/#primaryimage","url":"https:\/\/carnavallublin.eu\/wp-content\/uploads\/2022\/07\/circus-next.jpg","contentUrl":"https:\/\/carnavallublin.eu\/wp-content\/uploads\/2022\/07\/circus-next.jpg","width":1080,"height":720,"caption":"Le spectacle \u201cBRUT \u2013 Le Presque rien\u201d avec Johan Bichot, Netty Radvanyi et Frank Williams Regards ext\u00e9rieurs : Sylvain Decure et Christophe Huysman Cr\u00e9ateur lumi\u00e8re : Thomas Costerg R\u00e9gisseur lumi\u00e8re : Anne Roudiy Vid\u00e9aste \/ Dessinateur : Pierre Mazingarde La plateforme CircusNext permet aux artistes de se faire conna\u00eetre des professionnels du spectacle vivant (programmateurs, coproducteurs, institutionnels\u2026), notamment \u00e0 l\u2019occasion des s\u00e9lections et des pr\u00e9sentations publiques. Le c\u0153ur du dispositif est l'artiste en tant qu'auteur. Il s'agit de former, au niveau europ\u00e9en, une infrastructure durable pour le d\u00e9veloppement des nouvelles \u00e9critures contemporaines circassiennes et la professionnalisation des auteurs \u00e9mergents via des rencontres avec l\u2019ensemble des acteurs du secteur : professionnels du spectacle vivant (artistes, centres de cr\u00e9ation, structures de production, lieux de diffusion), m\u00e9dias, institutions publiques, partenaires priv\u00e9s et publics.CircusNext est un projet de coop\u00e9ration con\u00e7u et organis\u00e9 par un ensemble de partenaires europ\u00e9ens, chacun accueillant une partie des activit\u00e9s (r\u00e9sidences, s\u00e9lections, pr\u00e9sentations publiques, laboratoires, etc.) et finan\u00e7ant conjointement les bourses d\u2019aide \u00e0 l\u2019\u00e9criture."},{"@type":"BreadcrumbList","@id":"https:\/\/carnavallublin.eu\/en\/circus-next\/#breadcrumb","itemListElement":[{"@type":"ListItem","position":1,"name":"Strona g\u0142\u00f3wna","item":"https:\/\/carnavallublin.eu\/en\/"},{"@type":"ListItem","position":2,"name":"CIRCUS NEXT"}]},{"@type":"WebSite","@id":"https:\/\/carnavallublin.eu\/en\/#website","url":"https:\/\/carnavallublin.eu\/en\/","name":"Carnaval Sztukmistrz\u00f3w","description":"","publisher":{"@id":"https:\/\/carnavallublin.eu\/en\/#organization"},"potentialAction":[{"@type":"SearchAction","target":{"@type":"EntryPoint","urlTemplate":"https:\/\/carnavallublin.eu\/en\/?s={search_term_string}"},"query-input":"required name=search_term_string"}],"inLanguage":"en-US"},{"@type":"Organization","@id":"https:\/\/carnavallublin.eu\/en\/#organization","name":"Carnaval Sztukmistrz\u00f3w","url":"https:\/\/carnavallublin.eu\/en\/","logo":{"@type":"ImageObject","inLanguage":"en-US","@id":"https:\/\/carnavallublin.eu\/en\/#\/schema\/logo\/image\/","url":"https:\/\/carnavallublin.eu\/wp-content\/uploads\/2022\/02\/logo_rgb_www.jpg","contentUrl":"https:\/\/carnavallublin.eu\/wp-content\/uploads\/2022\/02\/logo_rgb_www.jpg","width":1181,"height":689,"caption":"Carnaval Sztukmistrz\u00f3w"},"image":{"@id":"https:\/\/carnavallublin.eu\/en\/#\/schema\/logo\/image\/"}}]}},"_links":{"self":[{"href":"https:\/\/carnavallublin.eu\/en\/wp-json\/wp\/v2\/pages\/776"}],"collection":[{"href":"https:\/\/carnavallublin.eu\/en\/wp-json\/wp\/v2\/pages"}],"about":[{"href":"https:\/\/carnavallublin.eu\/en\/wp-json\/wp\/v2\/types\/page"}],"author":[{"embeddable":true,"href":"https:\/\/carnavallublin.eu\/en\/wp-json\/wp\/v2\/users\/2"}],"replies":[{"embeddable":true,"href":"https:\/\/carnavallublin.eu\/en\/wp-json\/wp\/v2\/comments?post=776"}],"version-history":[{"count":3,"href":"https:\/\/carnavallublin.eu\/en\/wp-json\/wp\/v2\/pages\/776\/revisions"}],"predecessor-version":[{"id":4953,"href":"https:\/\/carnavallublin.eu\/en\/wp-json\/wp\/v2\/pages\/776\/revisions\/4953"}],"wp:featuredmedia":[{"embeddable":true,"href":"https:\/\/carnavallublin.eu\/en\/wp-json\/wp\/v2\/media\/1578"}],"wp:attachment":[{"href":"https:\/\/carnavallublin.eu\/en\/wp-json\/wp\/v2\/media?parent=776"}],"curies":[{"name":"wp","href":"https:\/\/api.w.org\/{rel}","templated":true}]}}