{"id":10180,"date":"2025-06-24T20:01:16","date_gmt":"2025-06-24T18:01:16","guid":{"rendered":"https:\/\/carnavallublin.eu\/?page_id=10180"},"modified":"2025-06-25T11:26:08","modified_gmt":"2025-06-25T09:26:08","slug":"onet","status":"publish","type":"page","link":"https:\/\/carnavallublin.eu\/pl\/onet\/","title":{"rendered":"Onet"},"content":{"rendered":"<div class=\"fusion-fullwidth fullwidth-box fusion-builder-row-1 fusion-flex-container nonhundred-percent-fullwidth non-hundred-percent-height-scrolling\" style=\"--awb-border-radius-top-left:0px;--awb-border-radius-top-right:0px;--awb-border-radius-bottom-right:0px;--awb-border-radius-bottom-left:0px;\" ><div class=\"fusion-builder-row fusion-row fusion-flex-align-items-flex-start\" style=\"max-width:1996.8px;margin-left: calc(-4% \/ 2 );margin-right: calc(-4% \/ 2 );\"><div class=\"fusion-layout-column fusion_builder_column fusion-builder-column-0 fusion_builder_column_1_2 1_2 fusion-flex-column\" style=\"--awb-padding-left:29px;--awb-bg-blend:overlay;--awb-bg-size:cover;--awb-width-large:50%;--awb-margin-top-large:0px;--awb-spacing-right-large:3.84%;--awb-margin-bottom-large:0px;--awb-spacing-left-large:19.776%;--awb-width-medium:50%;--awb-spacing-right-medium:3.84%;--awb-spacing-left-medium:19.776%;--awb-width-small:100%;--awb-spacing-right-small:1.92%;--awb-spacing-left-small:1.92%;\"><div class=\"fusion-column-wrapper fusion-flex-justify-content-flex-start fusion-content-layout-column\"><div class=\"fusion-text fusion-text-1\"><h2>Onet.pl<\/h2>\n<\/div><div class=\"fusion-text fusion-text-2\"><p>Onet to jeden z najwi\u0119kszych i najpopularniejszych portali internetowych w Polsce, oferuj\u0105cy szeroki zakres tre\u015bci obejmuj\u0105cych wiadomo\u015bci, rozrywk\u0119, sport, biznes oraz technologie. Znany z rzetelnych informacji i zaanga\u017cowania w promowanie wa\u017cnych kwestii spo\u0142ecznych, Onet dostarcza u\u017cytkownikom codzienne aktualno\u015bci z kraju i ze \u015bwiata, autorskie analizy, wywiady oraz relacje na \u017cywo. Portal stale rozwija swoje us\u0142ugi, oferuj\u0105c zar\u00f3wno darmowe tre\u015bci, jak i dost\u0119p do materia\u0142\u00f3w premium, dost\u0119pnych dla subskrybent\u00f3w platformy Onet Premium. Onet \u0142\u0105czy bogat\u0105 tradycj\u0119 z nowoczesnymi rozwi\u0105zaniami, zapewniaj\u0105c u\u017cytkownikom dost\u0119p do sprawdzonych i warto\u015bciowych tre\u015bci ka\u017cdego dnia.<\/p>\n<\/div><\/div><\/div><div class=\"fusion-layout-column fusion_builder_column fusion-builder-column-1 fusion_builder_column_1_2 1_2 fusion-flex-column\" style=\"--awb-bg-blend:overlay;--awb-bg-size:cover;--awb-width-large:50%;--awb-margin-top-large:0px;--awb-spacing-right-large:3.84%;--awb-margin-bottom-large:0px;--awb-spacing-left-large:3.84%;--awb-width-medium:50%;--awb-spacing-right-medium:3.84%;--awb-spacing-left-medium:3.84%;--awb-width-small:100%;--awb-spacing-right-small:1.92%;--awb-spacing-left-small:1.92%;\"><div class=\"fusion-column-wrapper fusion-flex-justify-content-center fusion-content-layout-row\"><div class=\"fusion-image-element \" style=\"--awb-caption-title-font-family:var(--h2_typography-font-family);--awb-caption-title-font-weight:var(--h2_typography-font-weight);--awb-caption-title-font-style:var(--h2_typography-font-style);--awb-caption-title-size:var(--h2_typography-font-size);--awb-caption-title-transform:var(--h2_typography-text-transform);--awb-caption-title-line-height:var(--h2_typography-line-height);--awb-caption-title-letter-spacing:var(--h2_typography-letter-spacing);\"><span class=\" fusion-imageframe imageframe-none imageframe-1 hover-type-none\" class=\"image-magnify\" class=\"image-scroll\"><img decoding=\"async\" width=\"300\" height=\"300\" alt=\"logo onetu\" title=\"onet\" src=\"https:\/\/carnavallublin.eu\/wp-content\/uploads\/2022\/07\/onet-300x300.png\" class=\"img-responsive wp-image-5978\" srcset=\"https:\/\/carnavallublin.eu\/wp-content\/uploads\/2022\/07\/onet-200x200.png 200w, https:\/\/carnavallublin.eu\/wp-content\/uploads\/2022\/07\/onet-400x400.png 400w, https:\/\/carnavallublin.eu\/wp-content\/uploads\/2022\/07\/onet-600x600.png 600w, https:\/\/carnavallublin.eu\/wp-content\/uploads\/2022\/07\/onet-800x800.png 800w, https:\/\/carnavallublin.eu\/wp-content\/uploads\/2022\/07\/onet.png 1001w\" sizes=\"(max-width: 640px) 100vw, 300px\" \/><\/span><\/div><\/div><\/div><\/div><\/div>\n","protected":false},"excerpt":{"rendered":"","protected":false},"author":4,"featured_media":0,"parent":0,"menu_order":0,"comment_status":"closed","ping_status":"closed","template":"","meta":{"ngg_post_thumbnail":0,"footnotes":""},"acf":[],"yoast_head":"<!-- This site is optimized with the Yoast SEO plugin v22.2 - https:\/\/yoast.com\/wordpress\/plugins\/seo\/ -->\n<title>Onet - Carnaval Sztukmistrz\u00f3w<\/title>\n<meta name=\"robots\" content=\"index, follow, max-snippet:-1, max-image-preview:large, max-video-preview:-1\" \/>\n<link rel=\"canonical\" href=\"https:\/\/carnavallublin.eu\/pl\/onet\/\" \/>\n<meta property=\"og:locale\" content=\"pl_PL\" \/>\n<meta property=\"og:type\" content=\"article\" \/>\n<meta property=\"og:title\" content=\"Onet - Carnaval Sztukmistrz\u00f3w\" \/>\n<meta property=\"og:url\" content=\"https:\/\/carnavallublin.eu\/pl\/onet\/\" \/>\n<meta property=\"og:site_name\" content=\"Carnaval Sztukmistrz\u00f3w\" \/>\n<meta property=\"article:modified_time\" content=\"2025-06-25T09:26:08+00:00\" \/>\n<meta name=\"twitter:card\" content=\"summary_large_image\" \/>\n<meta name=\"twitter:label1\" content=\"Szacowany czas czytania\" \/>\n\t<meta name=\"twitter:data1\" content=\"2 minuty\" \/>\n<script type=\"application\/ld+json\" class=\"yoast-schema-graph\">{\"@context\":\"https:\/\/schema.org\",\"@graph\":[{\"@type\":\"WebPage\",\"@id\":\"https:\/\/carnavallublin.eu\/pl\/onet\/\",\"url\":\"https:\/\/carnavallublin.eu\/pl\/onet\/\",\"name\":\"Onet - Carnaval Sztukmistrz\u00f3w\",\"isPartOf\":{\"@id\":\"https:\/\/carnavallublin.eu\/pl\/#website\"},\"datePublished\":\"2025-06-24T18:01:16+00:00\",\"dateModified\":\"2025-06-25T09:26:08+00:00\",\"breadcrumb\":{\"@id\":\"https:\/\/carnavallublin.eu\/pl\/onet\/#breadcrumb\"},\"inLanguage\":\"pl-PL\",\"potentialAction\":[{\"@type\":\"ReadAction\",\"target\":[\"https:\/\/carnavallublin.eu\/pl\/onet\/\"]}]},{\"@type\":\"BreadcrumbList\",\"@id\":\"https:\/\/carnavallublin.eu\/pl\/onet\/#breadcrumb\",\"itemListElement\":[{\"@type\":\"ListItem\",\"position\":1,\"name\":\"Strona g\u0142\u00f3wna\",\"item\":\"https:\/\/carnavallublin.eu\/pl\/\"},{\"@type\":\"ListItem\",\"position\":2,\"name\":\"Onet\"}]},{\"@type\":\"WebSite\",\"@id\":\"https:\/\/carnavallublin.eu\/pl\/#website\",\"url\":\"https:\/\/carnavallublin.eu\/pl\/\",\"name\":\"Carnaval Sztukmistrz\u00f3w\",\"description\":\"\",\"publisher\":{\"@id\":\"https:\/\/carnavallublin.eu\/pl\/#organization\"},\"potentialAction\":[{\"@type\":\"SearchAction\",\"target\":{\"@type\":\"EntryPoint\",\"urlTemplate\":\"https:\/\/carnavallublin.eu\/pl\/?s={search_term_string}\"},\"query-input\":\"required name=search_term_string\"}],\"inLanguage\":\"pl-PL\"},{\"@type\":\"Organization\",\"@id\":\"https:\/\/carnavallublin.eu\/pl\/#organization\",\"name\":\"Carnaval Sztukmistrz\u00f3w\",\"url\":\"https:\/\/carnavallublin.eu\/pl\/\",\"logo\":{\"@type\":\"ImageObject\",\"inLanguage\":\"pl-PL\",\"@id\":\"https:\/\/carnavallublin.eu\/pl\/#\/schema\/logo\/image\/\",\"url\":\"https:\/\/carnavallublin.eu\/wp-content\/uploads\/2022\/02\/logo_rgb_www.jpg\",\"contentUrl\":\"https:\/\/carnavallublin.eu\/wp-content\/uploads\/2022\/02\/logo_rgb_www.jpg\",\"width\":1181,\"height\":689,\"caption\":\"Carnaval Sztukmistrz\u00f3w\"},\"image\":{\"@id\":\"https:\/\/carnavallublin.eu\/pl\/#\/schema\/logo\/image\/\"}}]}<\/script>\n<!-- \/ Yoast SEO plugin. -->","yoast_head_json":{"title":"Onet - Carnaval Sztukmistrz\u00f3w","robots":{"index":"index","follow":"follow","max-snippet":"max-snippet:-1","max-image-preview":"max-image-preview:large","max-video-preview":"max-video-preview:-1"},"canonical":"https:\/\/carnavallublin.eu\/pl\/onet\/","og_locale":"pl_PL","og_type":"article","og_title":"Onet - Carnaval Sztukmistrz\u00f3w","og_url":"https:\/\/carnavallublin.eu\/pl\/onet\/","og_site_name":"Carnaval Sztukmistrz\u00f3w","article_modified_time":"2025-06-25T09:26:08+00:00","twitter_card":"summary_large_image","twitter_misc":{"Szacowany czas czytania":"2 minuty"},"schema":{"@context":"https:\/\/schema.org","@graph":[{"@type":"WebPage","@id":"https:\/\/carnavallublin.eu\/pl\/onet\/","url":"https:\/\/carnavallublin.eu\/pl\/onet\/","name":"Onet - Carnaval Sztukmistrz\u00f3w","isPartOf":{"@id":"https:\/\/carnavallublin.eu\/pl\/#website"},"datePublished":"2025-06-24T18:01:16+00:00","dateModified":"2025-06-25T09:26:08+00:00","breadcrumb":{"@id":"https:\/\/carnavallublin.eu\/pl\/onet\/#breadcrumb"},"inLanguage":"pl-PL","potentialAction":[{"@type":"ReadAction","target":["https:\/\/carnavallublin.eu\/pl\/onet\/"]}]},{"@type":"BreadcrumbList","@id":"https:\/\/carnavallublin.eu\/pl\/onet\/#breadcrumb","itemListElement":[{"@type":"ListItem","position":1,"name":"Strona g\u0142\u00f3wna","item":"https:\/\/carnavallublin.eu\/pl\/"},{"@type":"ListItem","position":2,"name":"Onet"}]},{"@type":"WebSite","@id":"https:\/\/carnavallublin.eu\/pl\/#website","url":"https:\/\/carnavallublin.eu\/pl\/","name":"Carnaval Sztukmistrz\u00f3w","description":"","publisher":{"@id":"https:\/\/carnavallublin.eu\/pl\/#organization"},"potentialAction":[{"@type":"SearchAction","target":{"@type":"EntryPoint","urlTemplate":"https:\/\/carnavallublin.eu\/pl\/?s={search_term_string}"},"query-input":"required name=search_term_string"}],"inLanguage":"pl-PL"},{"@type":"Organization","@id":"https:\/\/carnavallublin.eu\/pl\/#organization","name":"Carnaval Sztukmistrz\u00f3w","url":"https:\/\/carnavallublin.eu\/pl\/","logo":{"@type":"ImageObject","inLanguage":"pl-PL","@id":"https:\/\/carnavallublin.eu\/pl\/#\/schema\/logo\/image\/","url":"https:\/\/carnavallublin.eu\/wp-content\/uploads\/2022\/02\/logo_rgb_www.jpg","contentUrl":"https:\/\/carnavallublin.eu\/wp-content\/uploads\/2022\/02\/logo_rgb_www.jpg","width":1181,"height":689,"caption":"Carnaval Sztukmistrz\u00f3w"},"image":{"@id":"https:\/\/carnavallublin.eu\/pl\/#\/schema\/logo\/image\/"}}]}},"_links":{"self":[{"href":"https:\/\/carnavallublin.eu\/pl\/wp-json\/wp\/v2\/pages\/10180"}],"collection":[{"href":"https:\/\/carnavallublin.eu\/pl\/wp-json\/wp\/v2\/pages"}],"about":[{"href":"https:\/\/carnavallublin.eu\/pl\/wp-json\/wp\/v2\/types\/page"}],"author":[{"embeddable":true,"href":"https:\/\/carnavallublin.eu\/pl\/wp-json\/wp\/v2\/users\/4"}],"replies":[{"embeddable":true,"href":"https:\/\/carnavallublin.eu\/pl\/wp-json\/wp\/v2\/comments?post=10180"}],"version-history":[{"count":5,"href":"https:\/\/carnavallublin.eu\/pl\/wp-json\/wp\/v2\/pages\/10180\/revisions"}],"predecessor-version":[{"id":10274,"href":"https:\/\/carnavallublin.eu\/pl\/wp-json\/wp\/v2\/pages\/10180\/revisions\/10274"}],"wp:attachment":[{"href":"https:\/\/carnavallublin.eu\/pl\/wp-json\/wp\/v2\/media?parent=10180"}],"curies":[{"name":"wp","href":"https:\/\/api.w.org\/{rel}","templated":true}]}}