{"id":1130,"date":"2022-06-21T13:58:53","date_gmt":"2022-06-21T11:58:53","guid":{"rendered":"https:\/\/carnavallublin.eu\/?page_id=1130"},"modified":"2024-01-12T14:09:16","modified_gmt":"2024-01-12T13:09:16","slug":"cyrk-podworkowy","status":"publish","type":"page","link":"https:\/\/carnavallublin.eu\/pl\/cyrk-podworkowy\/","title":{"rendered":"Cyrk podw\u00f3rkowy (2015-2019)"},"content":{"rendered":"<div class=\"fusion-fullwidth fullwidth-box fusion-builder-row-1 fusion-flex-container nonhundred-percent-fullwidth non-hundred-percent-height-scrolling\" style=\"--awb-border-radius-top-left:0px;--awb-border-radius-top-right:0px;--awb-border-radius-bottom-right:0px;--awb-border-radius-bottom-left:0px;\" ><div class=\"fusion-builder-row fusion-row fusion-flex-align-items-flex-start\" style=\"max-width:1996.8px;margin-left: calc(-4% \/ 2 );margin-right: calc(-4% \/ 2 );\"><div class=\"fusion-layout-column fusion_builder_column fusion-builder-column-0 fusion_builder_column_1_1 1_1 fusion-flex-column\" style=\"--awb-bg-blend:overlay;--awb-bg-size:cover;--awb-width-large:100%;--awb-margin-top-large:0px;--awb-spacing-right-large:1.92%;--awb-margin-bottom-large:0px;--awb-spacing-left-large:1.92%;--awb-width-medium:100%;--awb-spacing-right-medium:1.92%;--awb-spacing-left-medium:1.92%;--awb-width-small:100%;--awb-spacing-right-small:1.92%;--awb-spacing-left-small:1.92%;\"><div class=\"fusion-column-wrapper fusion-flex-justify-content-flex-start fusion-content-layout-column\"><div class=\"fusion-text fusion-text-1\"><p>Cyrk Podw\u00f3rkowy to projekt Carnavalu Sztukmistrz\u00f3w, kt\u00f3ry ciesz\u0105cy si\u0119 ogromn\u0105 sympati\u0105 mieszka\u0144c\u00f3w miasta. Jest to forma objazdowego cyrku pojawiaj\u0105ca si\u0119 w oddalonych od centrum dzielnicach i miejscach, w kt\u00f3rych rzadko goszcz\u0105 wydarzenia kulturalne.<\/p>\n<p>Objazdowy program cyrkowy realizowany przez artyst\u00f3w z Polski i \u015bwiata zwykle odbywa si\u0119 tu\u017c przed startem Carnavalu Sztukmistrz\u00f3w zach\u0119caj\u0105c mieszka\u0144c\u00f3w do uczestnictwa w dorocznym, miejskim cyrkowym \u015bwi\u0119cie. Pilota\u017cowa edycja projektu z 2015 r. spotka\u0142a si\u0119 z ogromnym zainteresowaniem i z powodzeniem realizowana by\u0142a co roku do 2019.<\/p>\n<p>W roku 2020 w zwi\u0105zku z panuj\u0105c\u0105 pandemi\u0105 zaproponowali\u015bmy publiczno\u015bci festiwalu stacjonarn\u0105, sceniczn\u0105 wersj\u0119 cyrku podw\u00f3rkowego, kt\u00f3ry odby\u0142 si\u0119 pod nazw\u0105 BUSEKR SHOW.<\/p>\n<p>Cyrk Podw\u00f3rkowy nawi\u0105zuje do niewielkich trup cyrkowych przemierzaj\u0105cych miasteczka i biedniejsze dzielnice du\u017cych miast na pocz\u0105tku XX w. Grupy takich cyrkowc\u00f3w \u2013 wagabund\u00f3w, prezentowa\u0142y kr\u00f3tkie spektakle i zaspokaja\u0142y kulturalne potrzeby mieszka\u0144c\u00f3w. Na program sk\u0142ada\u0142y si\u0119 zazwyczaj elementy akrobatyki, ekwilibrystyki, pokazu si\u0142y, iluzji czy \u017conglerki. Wsparte niewybrednym \u017cartem lub piosenk\u0105 sk\u0142ania\u0142y mieszka\u0144c\u00f3w do ja\u0142mu\u017cny na rzecz artyst\u00f3w. Cyrk Podw\u00f3rkowy to ciekawy sk\u0142ad artyst\u00f3w z bogatym ulicznym do\u015bwiadczeniem, kt\u00f3ry prezentuje sw\u00f3j program w o\u015bmiu dzielnicach miasta na kilka dni przed Carnavalem. Masa wra\u017ce\u0144 i mn\u00f3stwo \u015bmiechu!<\/p>\n<h2>Informacje praktyczne:<\/h2>\n<p><strong>GDZIE:<\/strong> W przestrzeni publicznej (skwery, podw\u00f3rka), w instytucjach (szpitale, domy dziecka itd.)<br \/>\n<strong>KIEDY:<\/strong> Rusza na kilka dni przed Carnavalem Sztukmistrz\u00f3w<br \/>\n<strong>WST\u0118P: <\/strong>wolny<\/p>\n<\/div><\/div><\/div><\/div><\/div>\n","protected":false},"excerpt":{"rendered":"","protected":false},"author":2,"featured_media":1581,"parent":0,"menu_order":0,"comment_status":"closed","ping_status":"closed","template":"","meta":{"ngg_post_thumbnail":0,"footnotes":""},"acf":[],"yoast_head":"<!-- This site is optimized with the Yoast SEO plugin v22.2 - https:\/\/yoast.com\/wordpress\/plugins\/seo\/ -->\n<title>Cyrk podw\u00f3rkowy (2015-2019) - Carnaval Sztukmistrz\u00f3w<\/title>\n<meta name=\"description\" content=\"To forma objazdowego cyrku pojawiaj\u0105ca si\u0119 w oddalonych od centrum dzielnicach i miejscach, w kt\u00f3rych rzadko goszcz\u0105 wydarzenia kulturalne.\" \/>\n<meta name=\"robots\" content=\"index, follow, max-snippet:-1, max-image-preview:large, max-video-preview:-1\" \/>\n<link rel=\"canonical\" href=\"https:\/\/carnavallublin.eu\/pl\/cyrk-podworkowy\/\" \/>\n<meta property=\"og:locale\" content=\"pl_PL\" \/>\n<meta property=\"og:type\" content=\"article\" \/>\n<meta property=\"og:title\" content=\"Cyrk podw\u00f3rkowy (2015-2019) - Carnaval Sztukmistrz\u00f3w\" \/>\n<meta property=\"og:description\" content=\"To forma objazdowego cyrku pojawiaj\u0105ca si\u0119 w oddalonych od centrum dzielnicach i miejscach, w kt\u00f3rych rzadko goszcz\u0105 wydarzenia kulturalne.\" \/>\n<meta property=\"og:url\" content=\"https:\/\/carnavallublin.eu\/pl\/cyrk-podworkowy\/\" \/>\n<meta property=\"og:site_name\" content=\"Carnaval Sztukmistrz\u00f3w\" \/>\n<meta property=\"article:modified_time\" content=\"2024-01-12T13:09:16+00:00\" \/>\n<meta property=\"og:image\" content=\"https:\/\/carnavallublin.eu\/wp-content\/uploads\/2022\/07\/20150721-Jaruga-CP-Dziesiata-244-PJ1_0323-scaled.jpg\" \/>\n\t<meta property=\"og:image:width\" content=\"2560\" \/>\n\t<meta property=\"og:image:height\" content=\"1707\" \/>\n\t<meta property=\"og:image:type\" content=\"image\/jpeg\" \/>\n<meta name=\"twitter:card\" content=\"summary_large_image\" \/>\n<meta name=\"twitter:label1\" content=\"Szacowany czas czytania\" \/>\n\t<meta name=\"twitter:data1\" content=\"2 minuty\" \/>\n<script type=\"application\/ld+json\" class=\"yoast-schema-graph\">{\"@context\":\"https:\/\/schema.org\",\"@graph\":[{\"@type\":\"WebPage\",\"@id\":\"https:\/\/carnavallublin.eu\/pl\/cyrk-podworkowy\/\",\"url\":\"https:\/\/carnavallublin.eu\/pl\/cyrk-podworkowy\/\",\"name\":\"Cyrk podw\u00f3rkowy (2015-2019) - Carnaval Sztukmistrz\u00f3w\",\"isPartOf\":{\"@id\":\"https:\/\/carnavallublin.eu\/pl\/#website\"},\"primaryImageOfPage\":{\"@id\":\"https:\/\/carnavallublin.eu\/pl\/cyrk-podworkowy\/#primaryimage\"},\"image\":{\"@id\":\"https:\/\/carnavallublin.eu\/pl\/cyrk-podworkowy\/#primaryimage\"},\"thumbnailUrl\":\"https:\/\/carnavallublin.eu\/wp-content\/uploads\/2022\/07\/20150721-Jaruga-CP-Dziesiata-244-PJ1_0323-scaled.jpg\",\"datePublished\":\"2022-06-21T11:58:53+00:00\",\"dateModified\":\"2024-01-12T13:09:16+00:00\",\"description\":\"To forma objazdowego cyrku pojawiaj\u0105ca si\u0119 w oddalonych od centrum dzielnicach i miejscach, w kt\u00f3rych rzadko goszcz\u0105 wydarzenia kulturalne.\",\"breadcrumb\":{\"@id\":\"https:\/\/carnavallublin.eu\/pl\/cyrk-podworkowy\/#breadcrumb\"},\"inLanguage\":\"pl-PL\",\"potentialAction\":[{\"@type\":\"ReadAction\",\"target\":[\"https:\/\/carnavallublin.eu\/pl\/cyrk-podworkowy\/\"]}]},{\"@type\":\"ImageObject\",\"inLanguage\":\"pl-PL\",\"@id\":\"https:\/\/carnavallublin.eu\/pl\/cyrk-podworkowy\/#primaryimage\",\"url\":\"https:\/\/carnavallublin.eu\/wp-content\/uploads\/2022\/07\/20150721-Jaruga-CP-Dziesiata-244-PJ1_0323-scaled.jpg\",\"contentUrl\":\"https:\/\/carnavallublin.eu\/wp-content\/uploads\/2022\/07\/20150721-Jaruga-CP-Dziesiata-244-PJ1_0323-scaled.jpg\",\"width\":2560,\"height\":1707,\"caption\":\"M\u0119\u017cczyzna w kasku stoi na skrzyni, na kt\u00f3rej stoi\"},{\"@type\":\"BreadcrumbList\",\"@id\":\"https:\/\/carnavallublin.eu\/pl\/cyrk-podworkowy\/#breadcrumb\",\"itemListElement\":[{\"@type\":\"ListItem\",\"position\":1,\"name\":\"Strona g\u0142\u00f3wna\",\"item\":\"https:\/\/carnavallublin.eu\/pl\/\"},{\"@type\":\"ListItem\",\"position\":2,\"name\":\"Cyrk podw\u00f3rkowy\"}]},{\"@type\":\"WebSite\",\"@id\":\"https:\/\/carnavallublin.eu\/pl\/#website\",\"url\":\"https:\/\/carnavallublin.eu\/pl\/\",\"name\":\"Carnaval Sztukmistrz\u00f3w\",\"description\":\"\",\"publisher\":{\"@id\":\"https:\/\/carnavallublin.eu\/pl\/#organization\"},\"potentialAction\":[{\"@type\":\"SearchAction\",\"target\":{\"@type\":\"EntryPoint\",\"urlTemplate\":\"https:\/\/carnavallublin.eu\/pl\/?s={search_term_string}\"},\"query-input\":\"required name=search_term_string\"}],\"inLanguage\":\"pl-PL\"},{\"@type\":\"Organization\",\"@id\":\"https:\/\/carnavallublin.eu\/pl\/#organization\",\"name\":\"Carnaval Sztukmistrz\u00f3w\",\"url\":\"https:\/\/carnavallublin.eu\/pl\/\",\"logo\":{\"@type\":\"ImageObject\",\"inLanguage\":\"pl-PL\",\"@id\":\"https:\/\/carnavallublin.eu\/pl\/#\/schema\/logo\/image\/\",\"url\":\"https:\/\/carnavallublin.eu\/wp-content\/uploads\/2022\/02\/logo_rgb_www.jpg\",\"contentUrl\":\"https:\/\/carnavallublin.eu\/wp-content\/uploads\/2022\/02\/logo_rgb_www.jpg\",\"width\":1181,\"height\":689,\"caption\":\"Carnaval Sztukmistrz\u00f3w\"},\"image\":{\"@id\":\"https:\/\/carnavallublin.eu\/pl\/#\/schema\/logo\/image\/\"}}]}<\/script>\n<!-- \/ Yoast SEO plugin. -->","yoast_head_json":{"title":"Cyrk podw\u00f3rkowy (2015-2019) - Carnaval Sztukmistrz\u00f3w","description":"To forma objazdowego cyrku pojawiaj\u0105ca si\u0119 w oddalonych od centrum dzielnicach i miejscach, w kt\u00f3rych rzadko goszcz\u0105 wydarzenia kulturalne.","robots":{"index":"index","follow":"follow","max-snippet":"max-snippet:-1","max-image-preview":"max-image-preview:large","max-video-preview":"max-video-preview:-1"},"canonical":"https:\/\/carnavallublin.eu\/pl\/cyrk-podworkowy\/","og_locale":"pl_PL","og_type":"article","og_title":"Cyrk podw\u00f3rkowy (2015-2019) - Carnaval Sztukmistrz\u00f3w","og_description":"To forma objazdowego cyrku pojawiaj\u0105ca si\u0119 w oddalonych od centrum dzielnicach i miejscach, w kt\u00f3rych rzadko goszcz\u0105 wydarzenia kulturalne.","og_url":"https:\/\/carnavallublin.eu\/pl\/cyrk-podworkowy\/","og_site_name":"Carnaval Sztukmistrz\u00f3w","article_modified_time":"2024-01-12T13:09:16+00:00","og_image":[{"width":2560,"height":1707,"url":"https:\/\/carnavallublin.eu\/wp-content\/uploads\/2022\/07\/20150721-Jaruga-CP-Dziesiata-244-PJ1_0323-scaled.jpg","type":"image\/jpeg"}],"twitter_card":"summary_large_image","twitter_misc":{"Szacowany czas czytania":"2 minuty"},"schema":{"@context":"https:\/\/schema.org","@graph":[{"@type":"WebPage","@id":"https:\/\/carnavallublin.eu\/pl\/cyrk-podworkowy\/","url":"https:\/\/carnavallublin.eu\/pl\/cyrk-podworkowy\/","name":"Cyrk podw\u00f3rkowy (2015-2019) - Carnaval Sztukmistrz\u00f3w","isPartOf":{"@id":"https:\/\/carnavallublin.eu\/pl\/#website"},"primaryImageOfPage":{"@id":"https:\/\/carnavallublin.eu\/pl\/cyrk-podworkowy\/#primaryimage"},"image":{"@id":"https:\/\/carnavallublin.eu\/pl\/cyrk-podworkowy\/#primaryimage"},"thumbnailUrl":"https:\/\/carnavallublin.eu\/wp-content\/uploads\/2022\/07\/20150721-Jaruga-CP-Dziesiata-244-PJ1_0323-scaled.jpg","datePublished":"2022-06-21T11:58:53+00:00","dateModified":"2024-01-12T13:09:16+00:00","description":"To forma objazdowego cyrku pojawiaj\u0105ca si\u0119 w oddalonych od centrum dzielnicach i miejscach, w kt\u00f3rych rzadko goszcz\u0105 wydarzenia kulturalne.","breadcrumb":{"@id":"https:\/\/carnavallublin.eu\/pl\/cyrk-podworkowy\/#breadcrumb"},"inLanguage":"pl-PL","potentialAction":[{"@type":"ReadAction","target":["https:\/\/carnavallublin.eu\/pl\/cyrk-podworkowy\/"]}]},{"@type":"ImageObject","inLanguage":"pl-PL","@id":"https:\/\/carnavallublin.eu\/pl\/cyrk-podworkowy\/#primaryimage","url":"https:\/\/carnavallublin.eu\/wp-content\/uploads\/2022\/07\/20150721-Jaruga-CP-Dziesiata-244-PJ1_0323-scaled.jpg","contentUrl":"https:\/\/carnavallublin.eu\/wp-content\/uploads\/2022\/07\/20150721-Jaruga-CP-Dziesiata-244-PJ1_0323-scaled.jpg","width":2560,"height":1707,"caption":"M\u0119\u017cczyzna w kasku stoi na skrzyni, na kt\u00f3rej stoi"},{"@type":"BreadcrumbList","@id":"https:\/\/carnavallublin.eu\/pl\/cyrk-podworkowy\/#breadcrumb","itemListElement":[{"@type":"ListItem","position":1,"name":"Strona g\u0142\u00f3wna","item":"https:\/\/carnavallublin.eu\/pl\/"},{"@type":"ListItem","position":2,"name":"Cyrk podw\u00f3rkowy"}]},{"@type":"WebSite","@id":"https:\/\/carnavallublin.eu\/pl\/#website","url":"https:\/\/carnavallublin.eu\/pl\/","name":"Carnaval Sztukmistrz\u00f3w","description":"","publisher":{"@id":"https:\/\/carnavallublin.eu\/pl\/#organization"},"potentialAction":[{"@type":"SearchAction","target":{"@type":"EntryPoint","urlTemplate":"https:\/\/carnavallublin.eu\/pl\/?s={search_term_string}"},"query-input":"required name=search_term_string"}],"inLanguage":"pl-PL"},{"@type":"Organization","@id":"https:\/\/carnavallublin.eu\/pl\/#organization","name":"Carnaval Sztukmistrz\u00f3w","url":"https:\/\/carnavallublin.eu\/pl\/","logo":{"@type":"ImageObject","inLanguage":"pl-PL","@id":"https:\/\/carnavallublin.eu\/pl\/#\/schema\/logo\/image\/","url":"https:\/\/carnavallublin.eu\/wp-content\/uploads\/2022\/02\/logo_rgb_www.jpg","contentUrl":"https:\/\/carnavallublin.eu\/wp-content\/uploads\/2022\/02\/logo_rgb_www.jpg","width":1181,"height":689,"caption":"Carnaval Sztukmistrz\u00f3w"},"image":{"@id":"https:\/\/carnavallublin.eu\/pl\/#\/schema\/logo\/image\/"}}]}},"_links":{"self":[{"href":"https:\/\/carnavallublin.eu\/pl\/wp-json\/wp\/v2\/pages\/1130"}],"collection":[{"href":"https:\/\/carnavallublin.eu\/pl\/wp-json\/wp\/v2\/pages"}],"about":[{"href":"https:\/\/carnavallublin.eu\/pl\/wp-json\/wp\/v2\/types\/page"}],"author":[{"embeddable":true,"href":"https:\/\/carnavallublin.eu\/pl\/wp-json\/wp\/v2\/users\/2"}],"replies":[{"embeddable":true,"href":"https:\/\/carnavallublin.eu\/pl\/wp-json\/wp\/v2\/comments?post=1130"}],"version-history":[{"count":10,"href":"https:\/\/carnavallublin.eu\/pl\/wp-json\/wp\/v2\/pages\/1130\/revisions"}],"predecessor-version":[{"id":7475,"href":"https:\/\/carnavallublin.eu\/pl\/wp-json\/wp\/v2\/pages\/1130\/revisions\/7475"}],"wp:featuredmedia":[{"embeddable":true,"href":"https:\/\/carnavallublin.eu\/pl\/wp-json\/wp\/v2\/media\/1581"}],"wp:attachment":[{"href":"https:\/\/carnavallublin.eu\/pl\/wp-json\/wp\/v2\/media?parent=1130"}],"curies":[{"name":"wp","href":"https:\/\/api.w.org\/{rel}","templated":true}]}}