{"id":648,"date":"2022-05-18T22:36:26","date_gmt":"2022-05-18T20:36:26","guid":{"rendered":"https:\/\/car.sztukmistrze.eu\/?page_id=648"},"modified":"2023-10-25T14:16:40","modified_gmt":"2023-10-25T12:16:40","slug":"circus-next","status":"publish","type":"page","link":"https:\/\/carnavallublin.eu\/pl\/circus-next\/","title":{"rendered":"CIRCUS NEXT (2017-2022)"},"content":{"rendered":"<div class=\"fusion-fullwidth fullwidth-box fusion-builder-row-1 fusion-flex-container nonhundred-percent-fullwidth non-hundred-percent-height-scrolling\" style=\"--awb-border-radius-top-left:0px;--awb-border-radius-top-right:0px;--awb-border-radius-bottom-right:0px;--awb-border-radius-bottom-left:0px;\" ><div class=\"fusion-builder-row fusion-row fusion-flex-align-items-flex-start\" style=\"max-width:1996.8px;margin-left: calc(-4% \/ 2 );margin-right: calc(-4% \/ 2 );\"><div class=\"fusion-layout-column fusion_builder_column fusion-builder-column-0 fusion_builder_column_1_1 1_1 fusion-flex-column\" style=\"--awb-bg-blend:overlay;--awb-bg-size:cover;--awb-width-large:100%;--awb-margin-top-large:0px;--awb-spacing-right-large:1.92%;--awb-margin-bottom-large:0px;--awb-spacing-left-large:1.92%;--awb-width-medium:100%;--awb-spacing-right-medium:1.92%;--awb-spacing-left-medium:1.92%;--awb-width-small:100%;--awb-spacing-right-small:1.92%;--awb-spacing-left-small:1.92%;\"><div class=\"fusion-column-wrapper fusion-flex-justify-content-flex-start fusion-content-layout-column\"><div class=\"fusion-text fusion-text-1\"><p>Circus Next PLATFORM to projekt maj\u0105cy na celu rozw\u00f3j i promocj\u0119 wsp\u00f3\u0142czesnego cyrku w Europie. Carnaval Sztukmistrz\u00f3w w latach 2017-2022 by\u0142 organizatorem lokalnego poziomu konkursu w Polsce, zajmowa\u0142 si\u0119 promocj\u0105 projektu, lokalnym doradztwem, organizacj\u0105 prac Jury.<\/p>\n<p>Platforma CircusNext, zosta\u0142a powo\u0142ana w celu identyfikacji i wspomagania poszukuj\u0105cych artyst\u00f3w z dziedziny wsp\u00f3\u0142czesnego cyrku. Skupia si\u0119 na oryginalnych i wyj\u0105tkowych projektach mog\u0105cych wywrze\u0107 wp\u0142yw na rozw\u00f3j ca\u0142ego cyrku wsp\u00f3\u0142czesnego. Platforma ta sk\u0142ada si\u0119 z 30 cz\u0142onk\u00f3w z 17 kraj\u00f3w europejskich (przedstawiciele europejskich festiwali, teatr\u00f3w i cyrk\u00f3w impresaryjnych oraz szef\u00f3w plac\u00f3wek zwi\u0105zanych z nowym cyrkiem).<\/p>\n<p>Zapewnia wsparcie finansowe, rezydencyjne, doradcze i administracyjne przy tworzeniu spektakli oraz zwi\u0119ksza mi\u0119dzynarodow\u0105 widoczno\u015b\u0107 artyst\u00f3w. Circus Next sta\u0142 si\u0119 platform\u0105 dla rozwoju wsp\u00f3\u0142czesnego cyrku w Europie. Od 2001 roku platforma wspar\u0142a 78 grup artystycznych z Europy, niekt\u00f3re z nich wyros\u0142y na gwiazdy wsp\u00f3\u0142czesnej sceny cyrkowej.<\/p>\n<p><img decoding=\"async\" class=\"alignnone size-medium wp-image-1223\" src=\"https:\/\/carnavallublin.eu\/wp-content\/uploads\/2022\/06\/CircusNext-Logo-HC-Red-300x109-1.png\" alt=\"\" width=\"300\" height=\"109\" srcset=\"https:\/\/carnavallublin.eu\/wp-content\/uploads\/2022\/06\/CircusNext-Logo-HC-Red-300x109-1-200x73.png 200w, https:\/\/carnavallublin.eu\/wp-content\/uploads\/2022\/06\/CircusNext-Logo-HC-Red-300x109-1.png 300w\" sizes=\"(max-width: 300px) 100vw, 300px\" \/><img decoding=\"async\" class=\"alignnone size-full wp-image-1221\" src=\"https:\/\/carnavallublin.eu\/wp-content\/uploads\/2022\/06\/eu_flag_creative_europe_co_funded_pos_rgb_right-300x75-1.jpg\" alt=\"\" width=\"300\" height=\"75\" srcset=\"https:\/\/carnavallublin.eu\/wp-content\/uploads\/2022\/06\/eu_flag_creative_europe_co_funded_pos_rgb_right-300x75-1-200x50.jpg 200w, https:\/\/carnavallublin.eu\/wp-content\/uploads\/2022\/06\/eu_flag_creative_europe_co_funded_pos_rgb_right-300x75-1.jpg 300w\" sizes=\"(max-width: 300px) 100vw, 300px\" \/><\/p>\n<p>Ten projekt zosta\u0142 zrealizowany przy wsparciu finansowym Komisji Europejskiej.<br \/>\nProjekt lub publikacja odzwierciedlaj\u0105 jedynie stanowisko ich autora i Komisja Europejska nie ponosi odpowiedzialno\u015bci za umieszczon\u0105 w nich zawarto\u015b\u0107 merytoryczn\u0105.<\/p>\n<p><a href=\"https:\/\/www.circusnext.eu\">circusnext.eu<\/a><\/p>\n<\/div><\/div><\/div><\/div><\/div>\n","protected":false},"excerpt":{"rendered":"","protected":false},"author":2,"featured_media":1577,"parent":0,"menu_order":0,"comment_status":"closed","ping_status":"closed","template":"","meta":{"ngg_post_thumbnail":0,"footnotes":""},"acf":[],"yoast_head":"<!-- This site is optimized with the Yoast SEO plugin v22.2 - https:\/\/yoast.com\/wordpress\/plugins\/seo\/ -->\n<title>CIRCUS NEXT (2017-2022) - Carnaval Sztukmistrz\u00f3w<\/title>\n<meta name=\"robots\" content=\"index, follow, max-snippet:-1, max-image-preview:large, max-video-preview:-1\" \/>\n<link rel=\"canonical\" href=\"https:\/\/carnavallublin.eu\/pl\/circus-next\/\" \/>\n<meta property=\"og:locale\" content=\"pl_PL\" \/>\n<meta property=\"og:type\" content=\"article\" \/>\n<meta property=\"og:title\" content=\"CIRCUS NEXT (2017-2022) - Carnaval Sztukmistrz\u00f3w\" \/>\n<meta property=\"og:url\" content=\"https:\/\/carnavallublin.eu\/pl\/circus-next\/\" \/>\n<meta property=\"og:site_name\" content=\"Carnaval Sztukmistrz\u00f3w\" \/>\n<meta property=\"article:modified_time\" content=\"2023-10-25T12:16:40+00:00\" \/>\n<meta property=\"og:image\" content=\"https:\/\/carnavallublin.eu\/wp-content\/uploads\/2022\/07\/circus-next.jpg\" \/>\n\t<meta property=\"og:image:width\" content=\"1080\" \/>\n\t<meta property=\"og:image:height\" content=\"720\" \/>\n\t<meta property=\"og:image:type\" content=\"image\/jpeg\" \/>\n<meta name=\"twitter:card\" content=\"summary_large_image\" \/>\n<meta name=\"twitter:label1\" content=\"Szacowany czas czytania\" \/>\n\t<meta name=\"twitter:data1\" content=\"2 minuty\" \/>\n<script type=\"application\/ld+json\" class=\"yoast-schema-graph\">{\"@context\":\"https:\/\/schema.org\",\"@graph\":[{\"@type\":\"WebPage\",\"@id\":\"https:\/\/carnavallublin.eu\/pl\/circus-next\/\",\"url\":\"https:\/\/carnavallublin.eu\/pl\/circus-next\/\",\"name\":\"CIRCUS NEXT (2017-2022) - Carnaval Sztukmistrz\u00f3w\",\"isPartOf\":{\"@id\":\"https:\/\/carnavallublin.eu\/pl\/#website\"},\"primaryImageOfPage\":{\"@id\":\"https:\/\/carnavallublin.eu\/pl\/circus-next\/#primaryimage\"},\"image\":{\"@id\":\"https:\/\/carnavallublin.eu\/pl\/circus-next\/#primaryimage\"},\"thumbnailUrl\":\"https:\/\/carnavallublin.eu\/wp-content\/uploads\/2022\/07\/circus-next.jpg\",\"datePublished\":\"2022-05-18T20:36:26+00:00\",\"dateModified\":\"2023-10-25T12:16:40+00:00\",\"breadcrumb\":{\"@id\":\"https:\/\/carnavallublin.eu\/pl\/circus-next\/#breadcrumb\"},\"inLanguage\":\"pl-PL\",\"potentialAction\":[{\"@type\":\"ReadAction\",\"target\":[\"https:\/\/carnavallublin.eu\/pl\/circus-next\/\"]}]},{\"@type\":\"ImageObject\",\"inLanguage\":\"pl-PL\",\"@id\":\"https:\/\/carnavallublin.eu\/pl\/circus-next\/#primaryimage\",\"url\":\"https:\/\/carnavallublin.eu\/wp-content\/uploads\/2022\/07\/circus-next.jpg\",\"contentUrl\":\"https:\/\/carnavallublin.eu\/wp-content\/uploads\/2022\/07\/circus-next.jpg\",\"width\":1080,\"height\":720,\"caption\":\"Le spectacle \u201cBRUT \u2013 Le Presque rien\u201d avec Johan Bichot, Netty Radvanyi et Frank Williams Regards ext\u00e9rieurs : Sylvain Decure et Christophe Huysman Cr\u00e9ateur lumi\u00e8re : Thomas Costerg R\u00e9gisseur lumi\u00e8re : Anne Roudiy Vid\u00e9aste \/ Dessinateur : Pierre Mazingarde La plateforme CircusNext permet aux artistes de se faire conna\u00eetre des professionnels du spectacle vivant (programmateurs, coproducteurs, institutionnels\u2026), notamment \u00e0 l\u2019occasion des s\u00e9lections et des pr\u00e9sentations publiques. Le c\u0153ur du dispositif est l'artiste en tant qu'auteur. Il s'agit de former, au niveau europ\u00e9en, une infrastructure durable pour le d\u00e9veloppement des nouvelles \u00e9critures contemporaines circassiennes et la professionnalisation des auteurs \u00e9mergents via des rencontres avec l\u2019ensemble des acteurs du secteur : professionnels du spectacle vivant (artistes, centres de cr\u00e9ation, structures de production, lieux de diffusion), m\u00e9dias, institutions publiques, partenaires priv\u00e9s et publics. CircusNext est un projet de coop\u00e9ration con\u00e7u et organis\u00e9 par un ensemble de partenaires europ\u00e9ens, chacun accueillant une partie des activit\u00e9s (r\u00e9sidences, s\u00e9lections, pr\u00e9sentations publiques, laboratoires, etc.) et finan\u00e7ant conjointement les bourses d\u2019aide \u00e0 l\u2019\u00e9criture.\"},{\"@type\":\"BreadcrumbList\",\"@id\":\"https:\/\/carnavallublin.eu\/pl\/circus-next\/#breadcrumb\",\"itemListElement\":[{\"@type\":\"ListItem\",\"position\":1,\"name\":\"Strona g\u0142\u00f3wna\",\"item\":\"https:\/\/carnavallublin.eu\/pl\/\"},{\"@type\":\"ListItem\",\"position\":2,\"name\":\"CIRCUS NEXT\"}]},{\"@type\":\"WebSite\",\"@id\":\"https:\/\/carnavallublin.eu\/pl\/#website\",\"url\":\"https:\/\/carnavallublin.eu\/pl\/\",\"name\":\"Carnaval Sztukmistrz\u00f3w\",\"description\":\"\",\"publisher\":{\"@id\":\"https:\/\/carnavallublin.eu\/pl\/#organization\"},\"potentialAction\":[{\"@type\":\"SearchAction\",\"target\":{\"@type\":\"EntryPoint\",\"urlTemplate\":\"https:\/\/carnavallublin.eu\/pl\/?s={search_term_string}\"},\"query-input\":\"required name=search_term_string\"}],\"inLanguage\":\"pl-PL\"},{\"@type\":\"Organization\",\"@id\":\"https:\/\/carnavallublin.eu\/pl\/#organization\",\"name\":\"Carnaval Sztukmistrz\u00f3w\",\"url\":\"https:\/\/carnavallublin.eu\/pl\/\",\"logo\":{\"@type\":\"ImageObject\",\"inLanguage\":\"pl-PL\",\"@id\":\"https:\/\/carnavallublin.eu\/pl\/#\/schema\/logo\/image\/\",\"url\":\"https:\/\/carnavallublin.eu\/wp-content\/uploads\/2022\/02\/logo_rgb_www.jpg\",\"contentUrl\":\"https:\/\/carnavallublin.eu\/wp-content\/uploads\/2022\/02\/logo_rgb_www.jpg\",\"width\":1181,\"height\":689,\"caption\":\"Carnaval Sztukmistrz\u00f3w\"},\"image\":{\"@id\":\"https:\/\/carnavallublin.eu\/pl\/#\/schema\/logo\/image\/\"}}]}<\/script>\n<!-- \/ Yoast SEO plugin. -->","yoast_head_json":{"title":"CIRCUS NEXT (2017-2022) - Carnaval Sztukmistrz\u00f3w","robots":{"index":"index","follow":"follow","max-snippet":"max-snippet:-1","max-image-preview":"max-image-preview:large","max-video-preview":"max-video-preview:-1"},"canonical":"https:\/\/carnavallublin.eu\/pl\/circus-next\/","og_locale":"pl_PL","og_type":"article","og_title":"CIRCUS NEXT (2017-2022) - Carnaval Sztukmistrz\u00f3w","og_url":"https:\/\/carnavallublin.eu\/pl\/circus-next\/","og_site_name":"Carnaval Sztukmistrz\u00f3w","article_modified_time":"2023-10-25T12:16:40+00:00","og_image":[{"width":1080,"height":720,"url":"https:\/\/carnavallublin.eu\/wp-content\/uploads\/2022\/07\/circus-next.jpg","type":"image\/jpeg"}],"twitter_card":"summary_large_image","twitter_misc":{"Szacowany czas czytania":"2 minuty"},"schema":{"@context":"https:\/\/schema.org","@graph":[{"@type":"WebPage","@id":"https:\/\/carnavallublin.eu\/pl\/circus-next\/","url":"https:\/\/carnavallublin.eu\/pl\/circus-next\/","name":"CIRCUS NEXT (2017-2022) - Carnaval Sztukmistrz\u00f3w","isPartOf":{"@id":"https:\/\/carnavallublin.eu\/pl\/#website"},"primaryImageOfPage":{"@id":"https:\/\/carnavallublin.eu\/pl\/circus-next\/#primaryimage"},"image":{"@id":"https:\/\/carnavallublin.eu\/pl\/circus-next\/#primaryimage"},"thumbnailUrl":"https:\/\/carnavallublin.eu\/wp-content\/uploads\/2022\/07\/circus-next.jpg","datePublished":"2022-05-18T20:36:26+00:00","dateModified":"2023-10-25T12:16:40+00:00","breadcrumb":{"@id":"https:\/\/carnavallublin.eu\/pl\/circus-next\/#breadcrumb"},"inLanguage":"pl-PL","potentialAction":[{"@type":"ReadAction","target":["https:\/\/carnavallublin.eu\/pl\/circus-next\/"]}]},{"@type":"ImageObject","inLanguage":"pl-PL","@id":"https:\/\/carnavallublin.eu\/pl\/circus-next\/#primaryimage","url":"https:\/\/carnavallublin.eu\/wp-content\/uploads\/2022\/07\/circus-next.jpg","contentUrl":"https:\/\/carnavallublin.eu\/wp-content\/uploads\/2022\/07\/circus-next.jpg","width":1080,"height":720,"caption":"Le spectacle \u201cBRUT \u2013 Le Presque rien\u201d avec Johan Bichot, Netty Radvanyi et Frank Williams Regards ext\u00e9rieurs : Sylvain Decure et Christophe Huysman Cr\u00e9ateur lumi\u00e8re : Thomas Costerg R\u00e9gisseur lumi\u00e8re : Anne Roudiy Vid\u00e9aste \/ Dessinateur : Pierre Mazingarde La plateforme CircusNext permet aux artistes de se faire conna\u00eetre des professionnels du spectacle vivant (programmateurs, coproducteurs, institutionnels\u2026), notamment \u00e0 l\u2019occasion des s\u00e9lections et des pr\u00e9sentations publiques. Le c\u0153ur du dispositif est l'artiste en tant qu'auteur. Il s'agit de former, au niveau europ\u00e9en, une infrastructure durable pour le d\u00e9veloppement des nouvelles \u00e9critures contemporaines circassiennes et la professionnalisation des auteurs \u00e9mergents via des rencontres avec l\u2019ensemble des acteurs du secteur : professionnels du spectacle vivant (artistes, centres de cr\u00e9ation, structures de production, lieux de diffusion), m\u00e9dias, institutions publiques, partenaires priv\u00e9s et publics. CircusNext est un projet de coop\u00e9ration con\u00e7u et organis\u00e9 par un ensemble de partenaires europ\u00e9ens, chacun accueillant une partie des activit\u00e9s (r\u00e9sidences, s\u00e9lections, pr\u00e9sentations publiques, laboratoires, etc.) et finan\u00e7ant conjointement les bourses d\u2019aide \u00e0 l\u2019\u00e9criture."},{"@type":"BreadcrumbList","@id":"https:\/\/carnavallublin.eu\/pl\/circus-next\/#breadcrumb","itemListElement":[{"@type":"ListItem","position":1,"name":"Strona g\u0142\u00f3wna","item":"https:\/\/carnavallublin.eu\/pl\/"},{"@type":"ListItem","position":2,"name":"CIRCUS NEXT"}]},{"@type":"WebSite","@id":"https:\/\/carnavallublin.eu\/pl\/#website","url":"https:\/\/carnavallublin.eu\/pl\/","name":"Carnaval Sztukmistrz\u00f3w","description":"","publisher":{"@id":"https:\/\/carnavallublin.eu\/pl\/#organization"},"potentialAction":[{"@type":"SearchAction","target":{"@type":"EntryPoint","urlTemplate":"https:\/\/carnavallublin.eu\/pl\/?s={search_term_string}"},"query-input":"required name=search_term_string"}],"inLanguage":"pl-PL"},{"@type":"Organization","@id":"https:\/\/carnavallublin.eu\/pl\/#organization","name":"Carnaval Sztukmistrz\u00f3w","url":"https:\/\/carnavallublin.eu\/pl\/","logo":{"@type":"ImageObject","inLanguage":"pl-PL","@id":"https:\/\/carnavallublin.eu\/pl\/#\/schema\/logo\/image\/","url":"https:\/\/carnavallublin.eu\/wp-content\/uploads\/2022\/02\/logo_rgb_www.jpg","contentUrl":"https:\/\/carnavallublin.eu\/wp-content\/uploads\/2022\/02\/logo_rgb_www.jpg","width":1181,"height":689,"caption":"Carnaval Sztukmistrz\u00f3w"},"image":{"@id":"https:\/\/carnavallublin.eu\/pl\/#\/schema\/logo\/image\/"}}]}},"_links":{"self":[{"href":"https:\/\/carnavallublin.eu\/pl\/wp-json\/wp\/v2\/pages\/648"}],"collection":[{"href":"https:\/\/carnavallublin.eu\/pl\/wp-json\/wp\/v2\/pages"}],"about":[{"href":"https:\/\/carnavallublin.eu\/pl\/wp-json\/wp\/v2\/types\/page"}],"author":[{"embeddable":true,"href":"https:\/\/carnavallublin.eu\/pl\/wp-json\/wp\/v2\/users\/2"}],"replies":[{"embeddable":true,"href":"https:\/\/carnavallublin.eu\/pl\/wp-json\/wp\/v2\/comments?post=648"}],"version-history":[{"count":11,"href":"https:\/\/carnavallublin.eu\/pl\/wp-json\/wp\/v2\/pages\/648\/revisions"}],"predecessor-version":[{"id":7025,"href":"https:\/\/carnavallublin.eu\/pl\/wp-json\/wp\/v2\/pages\/648\/revisions\/7025"}],"wp:featuredmedia":[{"embeddable":true,"href":"https:\/\/carnavallublin.eu\/pl\/wp-json\/wp\/v2\/media\/1577"}],"wp:attachment":[{"href":"https:\/\/carnavallublin.eu\/pl\/wp-json\/wp\/v2\/media?parent=648"}],"curies":[{"name":"wp","href":"https:\/\/api.w.org\/{rel}","templated":true}]}}