{"id":7646,"date":"2024-03-19T13:45:41","date_gmt":"2024-03-19T12:45:41","guid":{"rendered":"https:\/\/carnavallublin.eu\/?page_id=7646"},"modified":"2024-09-10T15:34:39","modified_gmt":"2024-09-10T13:34:39","slug":"mecenat","status":"publish","type":"page","link":"https:\/\/carnavallublin.eu\/pl\/mecenat\/","title":{"rendered":"Mecenat"},"content":{"rendered":"<p><img decoding=\"async\" class=\"wp-image-9302 size-large aligncenter\" src=\"https:\/\/carnavallublin.eu\/wp-content\/uploads\/2024\/09\/plakat-1-Carnaval-724x1024.jpg\" alt=\"\" width=\"724\" height=\"1024\" srcset=\"https:\/\/carnavallublin.eu\/wp-content\/uploads\/2024\/09\/plakat-1-Carnaval-200x283.jpg 200w, https:\/\/carnavallublin.eu\/wp-content\/uploads\/2024\/09\/plakat-1-Carnaval-212x300.jpg 212w, https:\/\/carnavallublin.eu\/wp-content\/uploads\/2024\/09\/plakat-1-Carnaval-400x566.jpg 400w, https:\/\/carnavallublin.eu\/wp-content\/uploads\/2024\/09\/plakat-1-Carnaval-600x849.jpg 600w, https:\/\/carnavallublin.eu\/wp-content\/uploads\/2024\/09\/plakat-1-Carnaval-724x1024.jpg 724w, https:\/\/carnavallublin.eu\/wp-content\/uploads\/2024\/09\/plakat-1-Carnaval-768x1086.jpg 768w, https:\/\/carnavallublin.eu\/wp-content\/uploads\/2024\/09\/plakat-1-Carnaval-800x1131.jpg 800w, https:\/\/carnavallublin.eu\/wp-content\/uploads\/2024\/09\/plakat-1-Carnaval-1086x1536.jpg 1086w, https:\/\/carnavallublin.eu\/wp-content\/uploads\/2024\/09\/plakat-1-Carnaval-1200x1697.jpg 1200w, https:\/\/carnavallublin.eu\/wp-content\/uploads\/2024\/09\/plakat-1-Carnaval-1448x2048.jpg 1448w, https:\/\/carnavallublin.eu\/wp-content\/uploads\/2024\/09\/plakat-1-Carnaval-scaled.jpg 1810w\" sizes=\"(max-width: 724px) 100vw, 724px\" \/><\/p>\n","protected":false},"excerpt":{"rendered":"","protected":false},"author":4,"featured_media":0,"parent":0,"menu_order":0,"comment_status":"closed","ping_status":"closed","template":"","meta":{"ngg_post_thumbnail":0,"footnotes":""},"acf":[],"yoast_head":"<!-- This site is optimized with the Yoast SEO plugin v22.2 - https:\/\/yoast.com\/wordpress\/plugins\/seo\/ -->\n<title>Mecenat - Carnaval Sztukmistrz\u00f3w<\/title>\n<meta name=\"robots\" content=\"index, follow, max-snippet:-1, max-image-preview:large, max-video-preview:-1\" \/>\n<link rel=\"canonical\" href=\"https:\/\/carnavallublin.eu\/pl\/mecenat\/\" \/>\n<meta property=\"og:locale\" content=\"pl_PL\" \/>\n<meta property=\"og:type\" content=\"article\" \/>\n<meta property=\"og:title\" content=\"Mecenat - Carnaval Sztukmistrz\u00f3w\" \/>\n<meta property=\"og:url\" content=\"https:\/\/carnavallublin.eu\/pl\/mecenat\/\" \/>\n<meta property=\"og:site_name\" content=\"Carnaval Sztukmistrz\u00f3w\" \/>\n<meta property=\"article:modified_time\" content=\"2024-09-10T13:34:39+00:00\" \/>\n<meta property=\"og:image\" content=\"https:\/\/carnavallublin.eu\/wp-content\/uploads\/2024\/09\/plakat-1-Carnaval-724x1024.jpg\" \/>\n<meta name=\"twitter:card\" content=\"summary_large_image\" \/>\n<meta name=\"twitter:label1\" content=\"Szacowany czas czytania\" \/>\n\t<meta name=\"twitter:data1\" content=\"1 minuta\" \/>\n<script type=\"application\/ld+json\" class=\"yoast-schema-graph\">{\"@context\":\"https:\/\/schema.org\",\"@graph\":[{\"@type\":\"WebPage\",\"@id\":\"https:\/\/carnavallublin.eu\/pl\/mecenat\/\",\"url\":\"https:\/\/carnavallublin.eu\/pl\/mecenat\/\",\"name\":\"Mecenat - Carnaval Sztukmistrz\u00f3w\",\"isPartOf\":{\"@id\":\"https:\/\/carnavallublin.eu\/pl\/#website\"},\"primaryImageOfPage\":{\"@id\":\"https:\/\/carnavallublin.eu\/pl\/mecenat\/#primaryimage\"},\"image\":{\"@id\":\"https:\/\/carnavallublin.eu\/pl\/mecenat\/#primaryimage\"},\"thumbnailUrl\":\"https:\/\/carnavallublin.eu\/wp-content\/uploads\/2024\/09\/plakat-1-Carnaval-724x1024.jpg\",\"datePublished\":\"2024-03-19T12:45:41+00:00\",\"dateModified\":\"2024-09-10T13:34:39+00:00\",\"breadcrumb\":{\"@id\":\"https:\/\/carnavallublin.eu\/pl\/mecenat\/#breadcrumb\"},\"inLanguage\":\"pl-PL\",\"potentialAction\":[{\"@type\":\"ReadAction\",\"target\":[\"https:\/\/carnavallublin.eu\/pl\/mecenat\/\"]}]},{\"@type\":\"ImageObject\",\"inLanguage\":\"pl-PL\",\"@id\":\"https:\/\/carnavallublin.eu\/pl\/mecenat\/#primaryimage\",\"url\":\"https:\/\/carnavallublin.eu\/wp-content\/uploads\/2024\/09\/plakat-1-Carnaval-scaled.jpg\",\"contentUrl\":\"https:\/\/carnavallublin.eu\/wp-content\/uploads\/2024\/09\/plakat-1-Carnaval-scaled.jpg\",\"width\":1810,\"height\":2560,\"caption\":\"Grafika z flag\u0105 i god\u0142em Polski oraz napis: dofinansowano ze \u015brodk\u00f3w funduszu promocji kultury Carnaval Sztukmistrz\u00f3w.\"},{\"@type\":\"BreadcrumbList\",\"@id\":\"https:\/\/carnavallublin.eu\/pl\/mecenat\/#breadcrumb\",\"itemListElement\":[{\"@type\":\"ListItem\",\"position\":1,\"name\":\"Strona g\u0142\u00f3wna\",\"item\":\"https:\/\/carnavallublin.eu\/pl\/\"},{\"@type\":\"ListItem\",\"position\":2,\"name\":\"Mecenat\"}]},{\"@type\":\"WebSite\",\"@id\":\"https:\/\/carnavallublin.eu\/pl\/#website\",\"url\":\"https:\/\/carnavallublin.eu\/pl\/\",\"name\":\"Carnaval Sztukmistrz\u00f3w\",\"description\":\"\",\"publisher\":{\"@id\":\"https:\/\/carnavallublin.eu\/pl\/#organization\"},\"potentialAction\":[{\"@type\":\"SearchAction\",\"target\":{\"@type\":\"EntryPoint\",\"urlTemplate\":\"https:\/\/carnavallublin.eu\/pl\/?s={search_term_string}\"},\"query-input\":\"required name=search_term_string\"}],\"inLanguage\":\"pl-PL\"},{\"@type\":\"Organization\",\"@id\":\"https:\/\/carnavallublin.eu\/pl\/#organization\",\"name\":\"Carnaval Sztukmistrz\u00f3w\",\"url\":\"https:\/\/carnavallublin.eu\/pl\/\",\"logo\":{\"@type\":\"ImageObject\",\"inLanguage\":\"pl-PL\",\"@id\":\"https:\/\/carnavallublin.eu\/pl\/#\/schema\/logo\/image\/\",\"url\":\"https:\/\/carnavallublin.eu\/wp-content\/uploads\/2022\/02\/logo_rgb_www.jpg\",\"contentUrl\":\"https:\/\/carnavallublin.eu\/wp-content\/uploads\/2022\/02\/logo_rgb_www.jpg\",\"width\":1181,\"height\":689,\"caption\":\"Carnaval Sztukmistrz\u00f3w\"},\"image\":{\"@id\":\"https:\/\/carnavallublin.eu\/pl\/#\/schema\/logo\/image\/\"}}]}<\/script>\n<!-- \/ Yoast SEO plugin. -->","yoast_head_json":{"title":"Mecenat - Carnaval Sztukmistrz\u00f3w","robots":{"index":"index","follow":"follow","max-snippet":"max-snippet:-1","max-image-preview":"max-image-preview:large","max-video-preview":"max-video-preview:-1"},"canonical":"https:\/\/carnavallublin.eu\/pl\/mecenat\/","og_locale":"pl_PL","og_type":"article","og_title":"Mecenat - Carnaval Sztukmistrz\u00f3w","og_url":"https:\/\/carnavallublin.eu\/pl\/mecenat\/","og_site_name":"Carnaval Sztukmistrz\u00f3w","article_modified_time":"2024-09-10T13:34:39+00:00","og_image":[{"url":"https:\/\/carnavallublin.eu\/wp-content\/uploads\/2024\/09\/plakat-1-Carnaval-724x1024.jpg"}],"twitter_card":"summary_large_image","twitter_misc":{"Szacowany czas czytania":"1 minuta"},"schema":{"@context":"https:\/\/schema.org","@graph":[{"@type":"WebPage","@id":"https:\/\/carnavallublin.eu\/pl\/mecenat\/","url":"https:\/\/carnavallublin.eu\/pl\/mecenat\/","name":"Mecenat - Carnaval Sztukmistrz\u00f3w","isPartOf":{"@id":"https:\/\/carnavallublin.eu\/pl\/#website"},"primaryImageOfPage":{"@id":"https:\/\/carnavallublin.eu\/pl\/mecenat\/#primaryimage"},"image":{"@id":"https:\/\/carnavallublin.eu\/pl\/mecenat\/#primaryimage"},"thumbnailUrl":"https:\/\/carnavallublin.eu\/wp-content\/uploads\/2024\/09\/plakat-1-Carnaval-724x1024.jpg","datePublished":"2024-03-19T12:45:41+00:00","dateModified":"2024-09-10T13:34:39+00:00","breadcrumb":{"@id":"https:\/\/carnavallublin.eu\/pl\/mecenat\/#breadcrumb"},"inLanguage":"pl-PL","potentialAction":[{"@type":"ReadAction","target":["https:\/\/carnavallublin.eu\/pl\/mecenat\/"]}]},{"@type":"ImageObject","inLanguage":"pl-PL","@id":"https:\/\/carnavallublin.eu\/pl\/mecenat\/#primaryimage","url":"https:\/\/carnavallublin.eu\/wp-content\/uploads\/2024\/09\/plakat-1-Carnaval-scaled.jpg","contentUrl":"https:\/\/carnavallublin.eu\/wp-content\/uploads\/2024\/09\/plakat-1-Carnaval-scaled.jpg","width":1810,"height":2560,"caption":"Grafika z flag\u0105 i god\u0142em Polski oraz napis: dofinansowano ze \u015brodk\u00f3w funduszu promocji kultury Carnaval Sztukmistrz\u00f3w."},{"@type":"BreadcrumbList","@id":"https:\/\/carnavallublin.eu\/pl\/mecenat\/#breadcrumb","itemListElement":[{"@type":"ListItem","position":1,"name":"Strona g\u0142\u00f3wna","item":"https:\/\/carnavallublin.eu\/pl\/"},{"@type":"ListItem","position":2,"name":"Mecenat"}]},{"@type":"WebSite","@id":"https:\/\/carnavallublin.eu\/pl\/#website","url":"https:\/\/carnavallublin.eu\/pl\/","name":"Carnaval Sztukmistrz\u00f3w","description":"","publisher":{"@id":"https:\/\/carnavallublin.eu\/pl\/#organization"},"potentialAction":[{"@type":"SearchAction","target":{"@type":"EntryPoint","urlTemplate":"https:\/\/carnavallublin.eu\/pl\/?s={search_term_string}"},"query-input":"required name=search_term_string"}],"inLanguage":"pl-PL"},{"@type":"Organization","@id":"https:\/\/carnavallublin.eu\/pl\/#organization","name":"Carnaval Sztukmistrz\u00f3w","url":"https:\/\/carnavallublin.eu\/pl\/","logo":{"@type":"ImageObject","inLanguage":"pl-PL","@id":"https:\/\/carnavallublin.eu\/pl\/#\/schema\/logo\/image\/","url":"https:\/\/carnavallublin.eu\/wp-content\/uploads\/2022\/02\/logo_rgb_www.jpg","contentUrl":"https:\/\/carnavallublin.eu\/wp-content\/uploads\/2022\/02\/logo_rgb_www.jpg","width":1181,"height":689,"caption":"Carnaval Sztukmistrz\u00f3w"},"image":{"@id":"https:\/\/carnavallublin.eu\/pl\/#\/schema\/logo\/image\/"}}]}},"_links":{"self":[{"href":"https:\/\/carnavallublin.eu\/pl\/wp-json\/wp\/v2\/pages\/7646"}],"collection":[{"href":"https:\/\/carnavallublin.eu\/pl\/wp-json\/wp\/v2\/pages"}],"about":[{"href":"https:\/\/carnavallublin.eu\/pl\/wp-json\/wp\/v2\/types\/page"}],"author":[{"embeddable":true,"href":"https:\/\/carnavallublin.eu\/pl\/wp-json\/wp\/v2\/users\/4"}],"replies":[{"embeddable":true,"href":"https:\/\/carnavallublin.eu\/pl\/wp-json\/wp\/v2\/comments?post=7646"}],"version-history":[{"count":4,"href":"https:\/\/carnavallublin.eu\/pl\/wp-json\/wp\/v2\/pages\/7646\/revisions"}],"predecessor-version":[{"id":9306,"href":"https:\/\/carnavallublin.eu\/pl\/wp-json\/wp\/v2\/pages\/7646\/revisions\/9306"}],"wp:attachment":[{"href":"https:\/\/carnavallublin.eu\/pl\/wp-json\/wp\/v2\/media?parent=7646"}],"curies":[{"name":"wp","href":"https:\/\/api.w.org\/{rel}","templated":true}]}}