{"id":8864,"date":"2024-07-18T14:34:21","date_gmt":"2024-07-18T12:34:21","guid":{"rendered":"https:\/\/carnavallublin.eu\/?page_id=8864"},"modified":"2024-07-19T11:48:48","modified_gmt":"2024-07-19T09:48:48","slug":"sto-nanogramow","status":"publish","type":"page","link":"https:\/\/carnavallublin.eu\/pl\/sto-nanogramow\/","title":{"rendered":"Sto nanogram\u00f3w"},"content":{"rendered":"<p><div class=\"fusion-fullwidth fullwidth-box fusion-builder-row-1 fusion-flex-container has-pattern-background has-mask-background nonhundred-percent-fullwidth non-hundred-percent-height-scrolling\" style=\"--awb-border-radius-top-left:0px;--awb-border-radius-top-right:0px;--awb-border-radius-bottom-right:0px;--awb-border-radius-bottom-left:0px;\" ><div class=\"fusion-builder-row fusion-row fusion-flex-align-items-flex-start\" style=\"max-width:1996.8px;margin-left: calc(-4% \/ 2 );margin-right: calc(-4% \/ 2 );\"><div class=\"fusion-layout-column fusion_builder_column fusion-builder-column-0 fusion_builder_column_1_1 1_1 fusion-flex-column\" style=\"--awb-padding-right-small:23px;--awb-padding-left-small:17px;--awb-bg-size:cover;--awb-width-large:100%;--awb-margin-top-large:0px;--awb-spacing-right-large:4.128%;--awb-margin-bottom-large:20px;--awb-spacing-left-large:7.2%;--awb-width-medium:100%;--awb-order-medium:0;--awb-spacing-right-medium:4.128%;--awb-spacing-left-medium:7.2%;--awb-width-small:100%;--awb-order-small:0;--awb-spacing-right-small:1.92%;--awb-spacing-left-small:3.36%;\"><div class=\"fusion-column-wrapper fusion-column-has-shadow fusion-flex-justify-content-flex-start fusion-content-layout-column\"><div class=\"fusion-text fusion-text-1\"><h2>PREMIERA\u201eSto nanogram\u00f3w\u201d (POL) | KUP BILET<\/h2>\n<\/div><div class=\"fusion-image-element \" style=\"text-align:center;--awb-caption-title-font-family:var(--h2_typography-font-family);--awb-caption-title-font-weight:var(--h2_typography-font-weight);--awb-caption-title-font-style:var(--h2_typography-font-style);--awb-caption-title-size:var(--h2_typography-font-size);--awb-caption-title-transform:var(--h2_typography-text-transform);--awb-caption-title-line-height:var(--h2_typography-line-height);--awb-caption-title-letter-spacing:var(--h2_typography-letter-spacing);\"><span class=\" fusion-imageframe imageframe-none imageframe-1 hover-type-none\" class=\"image-magnify\" class=\"image-scroll\"><img decoding=\"async\" width=\"1920\" height=\"1080\" alt=\"Czarno-bia\u0142a fotografia. M\u0119\u017cczyzna ma na czole pi\u00f3ro. Patrzy na niego kobieta.\" title=\"Sto_nanogram\u00f3w_www_1920x1080_copy\" src=\"https:\/\/carnavallublin.eu\/wp-content\/uploads\/2024\/06\/Sto_nanogramow_www_1920x1080_copy.jpg\" class=\"img-responsive wp-image-7993\" srcset=\"https:\/\/carnavallublin.eu\/wp-content\/uploads\/2024\/06\/Sto_nanogramow_www_1920x1080_copy-200x113.jpg 200w, https:\/\/carnavallublin.eu\/wp-content\/uploads\/2024\/06\/Sto_nanogramow_www_1920x1080_copy-400x225.jpg 400w, https:\/\/carnavallublin.eu\/wp-content\/uploads\/2024\/06\/Sto_nanogramow_www_1920x1080_copy-600x338.jpg 600w, https:\/\/carnavallublin.eu\/wp-content\/uploads\/2024\/06\/Sto_nanogramow_www_1920x1080_copy-800x450.jpg 800w, https:\/\/carnavallublin.eu\/wp-content\/uploads\/2024\/06\/Sto_nanogramow_www_1920x1080_copy-1200x675.jpg 1200w, https:\/\/carnavallublin.eu\/wp-content\/uploads\/2024\/06\/Sto_nanogramow_www_1920x1080_copy.jpg 1920w\" sizes=\"(max-width: 640px) 100vw, 1920px\" \/><\/span><\/div><div class=\"fusion-flip-boxes flip-boxes row fusion-columns-2 flip-effect-classic equal-heights\" style=\"--awb-flip-duration:2.0s;--awb-margin-top:2%;\"><div class=\"fusion-flip-box-wrapper fusion-column col-lg-6 col-md-6 col-sm-6\"><div class=\"fusion-flip-box flip-right\" tabindex=\"0\"><div class=\"flip-box-inner-wrapper\"><div class=\"flip-box-front\" style=\"--awb-background-color-front:var(--awb-color8);\"><div class=\"flip-box-front-inner\"><h2 class=\"flip-box-heading without-text\">2024-07-25 | 17.00<\/h2><\/div><\/div><div class=\"flip-box-back\"><div class=\"flip-box-back-inner\"><h3 class=\"flip-box-heading-back\">Teatr Stary<\/h3>\n<div ><a class=\"fusion-button button-flat fusion-button-default-size button-custom fusion-button-default button-1 fusion-button-default-span fusion-button-default-type\" style=\"--button_accent_color:var(--awb-color1);--button_accent_hover_color:var(--awb-color1);--button_border_hover_color:var(--awb-color1);--button_gradient_top_color:var(--awb-color8);--button_gradient_bottom_color:var(--awb-color8);--button_gradient_top_color_hover:hsla(var(--awb-color4-h),calc(var(--awb-color4-s) - 5%),calc(var(--awb-color4-l) - 10%),var(--awb-color4-a));--button_gradient_bottom_color_hover:hsla(var(--awb-color4-h),calc(var(--awb-color4-s) - 5%),calc(var(--awb-color4-l) - 10%),var(--awb-color4-a));\" target=\"_blank\" rel=\"noopener noreferrer\" href=\"https:\/\/stage24.pl\/events\/carnaval-sto-nanogramow-2745\"><span class=\"fusion-button-text\">kup bilet na stage24<\/span><\/a><\/div>\n<\/div><\/div><\/div><\/div><\/div><div class=\"fusion-flip-box-wrapper fusion-column col-lg-6 col-md-6 col-sm-6\"><div class=\"fusion-flip-box flip-right\" tabindex=\"0\"><div class=\"flip-box-inner-wrapper\"><div class=\"flip-box-front\" style=\"--awb-background-color-front:var(--awb-color5);--awb-text-front-color:#ffffff;\"><div class=\"flip-box-front-inner\"><h2 class=\"flip-box-heading without-text\">2024-07-26 | 17.00<\/h2><\/div><\/div><div class=\"flip-box-back\" style=\"--awb-background-color-back:var(--awb-color8);\"><div class=\"flip-box-back-inner\"><h3 class=\"flip-box-heading-back\">Teatr Stary<\/h3>\n<div ><a class=\"fusion-button button-flat fusion-button-default-size button-default fusion-button-default button-2 fusion-button-default-span fusion-button-default-type\" target=\"_self\" href=\"https:\/\/stage24.pl\/events\/carnaval-sto-nanogramow-2746\"><span class=\"fusion-button-text\">kup bilet na stage 24<\/span><\/a><\/div>\n<\/div><\/div><\/div><\/div><\/div><\/div><\/div><\/div><\/div><\/div><div class=\"fusion-fullwidth fullwidth-box fusion-builder-row-2 fusion-flex-container has-pattern-background has-mask-background nonhundred-percent-fullwidth non-hundred-percent-height-scrolling\" style=\"--awb-border-radius-top-left:0px;--awb-border-radius-top-right:0px;--awb-border-radius-bottom-right:0px;--awb-border-radius-bottom-left:0px;\" ><div class=\"fusion-builder-row fusion-row fusion-flex-align-items-flex-start\" style=\"max-width:1996.8px;margin-left: calc(-4% \/ 2 );margin-right: calc(-4% \/ 2 );\"><div class=\"fusion-layout-column fusion_builder_column fusion-builder-column-1 fusion_builder_column_1_1 1_1 fusion-flex-column\" style=\"--awb-padding-left:26px;--awb-padding-top-small:10px;--awb-padding-right-small:46px;--awb-padding-bottom-small:0px;--awb-padding-left-small:31px;--awb-bg-color:var(--awb-color3);--awb-bg-color-hover:var(--awb-color3);--awb-bg-size:cover;--awb-width-large:100%;--awb-margin-top-large:0px;--awb-spacing-right-large:4.8%;--awb-margin-bottom-large:20px;--awb-spacing-left-large:7.68%;--awb-width-medium:100%;--awb-order-medium:0;--awb-spacing-right-medium:4.8%;--awb-spacing-left-medium:7.68%;--awb-width-small:100%;--awb-order-small:0;--awb-margin-top-small:0px;--awb-spacing-right-small:5.856%;--awb-spacing-left-small:6.144%;\"><div class=\"fusion-column-wrapper fusion-column-has-shadow fusion-flex-justify-content-flex-start fusion-content-layout-column\"><div class=\"fusion-text fusion-text-2\"><div class=\"fusion-text fusion-text-2\"><p><i class=\"fb-icon-element-2 fb-icon-element fontawesome-icon fa-map-marker-alt fas circle-no fusion-text-flow\" style=\"--awb-iconcolor:#ff0000;--awb-iconcolor-hover:#ff0000;--awb-font-size:14px;--awb-margin-right:7px;\"><\/i><span class=\"tlo-czerwone\">Polska<\/span>    <i class=\"fb-icon-element-3 fb-icon-element fontawesome-icon fa-sticky-note fas circle-no fusion-text-flow\" style=\"--awb-iconcolor:#ff0000;--awb-iconcolor-hover:#ff0000;--awb-font-size:14px;--awb-margin-right:7px;\"><\/i><span class=\"tlo-czerwone\">bilety<\/span>    <i class=\"fb-icon-element-4 fb-icon-element fontawesome-icon fa-clock fas circle-no fusion-text-flow\" style=\"--awb-iconcolor:#ff0000;--awb-iconcolor-hover:#ff0000;--awb-font-size:14px;--awb-margin-right:7px;\"><\/i> <span class=\"tlo-czerwone\">45 min<\/span>    <i class=\"fb-icon-element-5 fb-icon-element fontawesome-icon fa-globe-americas fas circle-no fusion-text-flow\" style=\"--awb-iconcolor:#ff0000;--awb-iconcolor-hover:#ff0000;--awb-font-size:14px;--awb-margin-right:7px;\"><\/i><span class=\"tlo-czerwone\">t\u0142umaczenie na PJM<\/span>    <\/p>\n<\/div>\n<p>Wszystko da si\u0119 zmierzy\u0107.<br \/>\nWszystko da si\u0119 zwa\u017cy\u0107.<br \/>\nPorsche 911 ma mas\u0119 2 ton.<br \/>\nLabrador wa\u017cy 30 kg.<br \/>\nDyplom uko\u0144czenia szko\u0142y 15 g.<br \/>\nA ile wa\u017c\u0105 twoje marzenia?<br \/>\nIle gram brakuje do twojego szcz\u0119\u015bcia?<\/p>\n<p>Sto nanogram\u00f3w to synteza \u017conglerki, teatru, ta\u0144ca i muzyki, dawkowana w minimalistycznych, lecz skutecznych porcjach.<\/p>\n<p><strong>Uwaga alergicy!<\/strong> W spektaklu wykorzystywane s\u0105 prawdziwe ptasie pi\u00f3ra.<\/p>\n<p><strong>Wykonawcy:<\/strong> Tomasz Piotrowski, Patrycja Grzywi\u0144ska<\/p>\n<p>Partnerem wydarzenia jest Teatr Stary w Lublinie<\/p>\n<p># <span class=\"tlo-czarne\">spektakle sceniczne<\/span>    <span class=\"tlo-czarne\">manipulacja przedmiotami<\/span>    <span class=\"tlo-czarne\">taniec<\/span>    <span class=\"tlo-czarne\">\u017conglerka<\/span>    <\/p>\n<\/div><\/div><\/div><\/div><\/div><\/p>\n","protected":false},"excerpt":{"rendered":"","protected":false},"author":4,"featured_media":0,"parent":0,"menu_order":0,"comment_status":"closed","ping_status":"closed","template":"","meta":{"ngg_post_thumbnail":0,"footnotes":""},"acf":[],"yoast_head":"<!-- This site is optimized with the Yoast SEO plugin v22.2 - https:\/\/yoast.com\/wordpress\/plugins\/seo\/ -->\n<title>Sto nanogram\u00f3w - Carnaval Sztukmistrz\u00f3w<\/title>\n<meta name=\"robots\" content=\"index, follow, max-snippet:-1, max-image-preview:large, max-video-preview:-1\" \/>\n<link rel=\"canonical\" href=\"https:\/\/carnavallublin.eu\/pl\/sto-nanogramow\/\" \/>\n<meta property=\"og:locale\" content=\"pl_PL\" \/>\n<meta property=\"og:type\" content=\"article\" \/>\n<meta property=\"og:title\" content=\"Sto nanogram\u00f3w - Carnaval Sztukmistrz\u00f3w\" \/>\n<meta property=\"og:url\" content=\"https:\/\/carnavallublin.eu\/pl\/sto-nanogramow\/\" \/>\n<meta property=\"og:site_name\" content=\"Carnaval Sztukmistrz\u00f3w\" \/>\n<meta property=\"article:modified_time\" content=\"2024-07-19T09:48:48+00:00\" \/>\n<meta name=\"twitter:card\" content=\"summary_large_image\" \/>\n<meta name=\"twitter:label1\" content=\"Szacowany czas czytania\" \/>\n\t<meta name=\"twitter:data1\" content=\"4 minuty\" \/>\n<script type=\"application\/ld+json\" class=\"yoast-schema-graph\">{\"@context\":\"https:\/\/schema.org\",\"@graph\":[{\"@type\":\"WebPage\",\"@id\":\"https:\/\/carnavallublin.eu\/pl\/sto-nanogramow\/\",\"url\":\"https:\/\/carnavallublin.eu\/pl\/sto-nanogramow\/\",\"name\":\"Sto nanogram\u00f3w - Carnaval Sztukmistrz\u00f3w\",\"isPartOf\":{\"@id\":\"https:\/\/carnavallublin.eu\/pl\/#website\"},\"datePublished\":\"2024-07-18T12:34:21+00:00\",\"dateModified\":\"2024-07-19T09:48:48+00:00\",\"breadcrumb\":{\"@id\":\"https:\/\/carnavallublin.eu\/pl\/sto-nanogramow\/#breadcrumb\"},\"inLanguage\":\"pl-PL\",\"potentialAction\":[{\"@type\":\"ReadAction\",\"target\":[\"https:\/\/carnavallublin.eu\/pl\/sto-nanogramow\/\"]}]},{\"@type\":\"BreadcrumbList\",\"@id\":\"https:\/\/carnavallublin.eu\/pl\/sto-nanogramow\/#breadcrumb\",\"itemListElement\":[{\"@type\":\"ListItem\",\"position\":1,\"name\":\"Strona g\u0142\u00f3wna\",\"item\":\"https:\/\/carnavallublin.eu\/pl\/\"},{\"@type\":\"ListItem\",\"position\":2,\"name\":\"Sto nanogram\u00f3w\"}]},{\"@type\":\"WebSite\",\"@id\":\"https:\/\/carnavallublin.eu\/pl\/#website\",\"url\":\"https:\/\/carnavallublin.eu\/pl\/\",\"name\":\"Carnaval Sztukmistrz\u00f3w\",\"description\":\"\",\"publisher\":{\"@id\":\"https:\/\/carnavallublin.eu\/pl\/#organization\"},\"potentialAction\":[{\"@type\":\"SearchAction\",\"target\":{\"@type\":\"EntryPoint\",\"urlTemplate\":\"https:\/\/carnavallublin.eu\/pl\/?s={search_term_string}\"},\"query-input\":\"required name=search_term_string\"}],\"inLanguage\":\"pl-PL\"},{\"@type\":\"Organization\",\"@id\":\"https:\/\/carnavallublin.eu\/pl\/#organization\",\"name\":\"Carnaval Sztukmistrz\u00f3w\",\"url\":\"https:\/\/carnavallublin.eu\/pl\/\",\"logo\":{\"@type\":\"ImageObject\",\"inLanguage\":\"pl-PL\",\"@id\":\"https:\/\/carnavallublin.eu\/pl\/#\/schema\/logo\/image\/\",\"url\":\"https:\/\/carnavallublin.eu\/wp-content\/uploads\/2022\/02\/logo_rgb_www.jpg\",\"contentUrl\":\"https:\/\/carnavallublin.eu\/wp-content\/uploads\/2022\/02\/logo_rgb_www.jpg\",\"width\":1181,\"height\":689,\"caption\":\"Carnaval Sztukmistrz\u00f3w\"},\"image\":{\"@id\":\"https:\/\/carnavallublin.eu\/pl\/#\/schema\/logo\/image\/\"}}]}<\/script>\n<!-- \/ Yoast SEO plugin. -->","yoast_head_json":{"title":"Sto nanogram\u00f3w - Carnaval Sztukmistrz\u00f3w","robots":{"index":"index","follow":"follow","max-snippet":"max-snippet:-1","max-image-preview":"max-image-preview:large","max-video-preview":"max-video-preview:-1"},"canonical":"https:\/\/carnavallublin.eu\/pl\/sto-nanogramow\/","og_locale":"pl_PL","og_type":"article","og_title":"Sto nanogram\u00f3w - Carnaval Sztukmistrz\u00f3w","og_url":"https:\/\/carnavallublin.eu\/pl\/sto-nanogramow\/","og_site_name":"Carnaval Sztukmistrz\u00f3w","article_modified_time":"2024-07-19T09:48:48+00:00","twitter_card":"summary_large_image","twitter_misc":{"Szacowany czas czytania":"4 minuty"},"schema":{"@context":"https:\/\/schema.org","@graph":[{"@type":"WebPage","@id":"https:\/\/carnavallublin.eu\/pl\/sto-nanogramow\/","url":"https:\/\/carnavallublin.eu\/pl\/sto-nanogramow\/","name":"Sto nanogram\u00f3w - Carnaval Sztukmistrz\u00f3w","isPartOf":{"@id":"https:\/\/carnavallublin.eu\/pl\/#website"},"datePublished":"2024-07-18T12:34:21+00:00","dateModified":"2024-07-19T09:48:48+00:00","breadcrumb":{"@id":"https:\/\/carnavallublin.eu\/pl\/sto-nanogramow\/#breadcrumb"},"inLanguage":"pl-PL","potentialAction":[{"@type":"ReadAction","target":["https:\/\/carnavallublin.eu\/pl\/sto-nanogramow\/"]}]},{"@type":"BreadcrumbList","@id":"https:\/\/carnavallublin.eu\/pl\/sto-nanogramow\/#breadcrumb","itemListElement":[{"@type":"ListItem","position":1,"name":"Strona g\u0142\u00f3wna","item":"https:\/\/carnavallublin.eu\/pl\/"},{"@type":"ListItem","position":2,"name":"Sto nanogram\u00f3w"}]},{"@type":"WebSite","@id":"https:\/\/carnavallublin.eu\/pl\/#website","url":"https:\/\/carnavallublin.eu\/pl\/","name":"Carnaval Sztukmistrz\u00f3w","description":"","publisher":{"@id":"https:\/\/carnavallublin.eu\/pl\/#organization"},"potentialAction":[{"@type":"SearchAction","target":{"@type":"EntryPoint","urlTemplate":"https:\/\/carnavallublin.eu\/pl\/?s={search_term_string}"},"query-input":"required name=search_term_string"}],"inLanguage":"pl-PL"},{"@type":"Organization","@id":"https:\/\/carnavallublin.eu\/pl\/#organization","name":"Carnaval Sztukmistrz\u00f3w","url":"https:\/\/carnavallublin.eu\/pl\/","logo":{"@type":"ImageObject","inLanguage":"pl-PL","@id":"https:\/\/carnavallublin.eu\/pl\/#\/schema\/logo\/image\/","url":"https:\/\/carnavallublin.eu\/wp-content\/uploads\/2022\/02\/logo_rgb_www.jpg","contentUrl":"https:\/\/carnavallublin.eu\/wp-content\/uploads\/2022\/02\/logo_rgb_www.jpg","width":1181,"height":689,"caption":"Carnaval Sztukmistrz\u00f3w"},"image":{"@id":"https:\/\/carnavallublin.eu\/pl\/#\/schema\/logo\/image\/"}}]}},"_links":{"self":[{"href":"https:\/\/carnavallublin.eu\/pl\/wp-json\/wp\/v2\/pages\/8864"}],"collection":[{"href":"https:\/\/carnavallublin.eu\/pl\/wp-json\/wp\/v2\/pages"}],"about":[{"href":"https:\/\/carnavallublin.eu\/pl\/wp-json\/wp\/v2\/types\/page"}],"author":[{"embeddable":true,"href":"https:\/\/carnavallublin.eu\/pl\/wp-json\/wp\/v2\/users\/4"}],"replies":[{"embeddable":true,"href":"https:\/\/carnavallublin.eu\/pl\/wp-json\/wp\/v2\/comments?post=8864"}],"version-history":[{"count":15,"href":"https:\/\/carnavallublin.eu\/pl\/wp-json\/wp\/v2\/pages\/8864\/revisions"}],"predecessor-version":[{"id":8912,"href":"https:\/\/carnavallublin.eu\/pl\/wp-json\/wp\/v2\/pages\/8864\/revisions\/8912"}],"wp:attachment":[{"href":"https:\/\/carnavallublin.eu\/pl\/wp-json\/wp\/v2\/media?parent=8864"}],"curies":[{"name":"wp","href":"https:\/\/api.w.org\/{rel}","templated":true}]}}