{"id":9900,"date":"2025-05-21T14:37:45","date_gmt":"2025-05-21T12:37:45","guid":{"rendered":"https:\/\/carnavallublin.eu\/?page_id=9900"},"modified":"2026-04-03T11:53:43","modified_gmt":"2026-04-03T09:53:43","slug":"oferta-sponsorska","status":"publish","type":"page","link":"https:\/\/carnavallublin.eu\/pl\/oferta-sponsorska\/","title":{"rendered":"Oferta Sponsorska"},"content":{"rendered":"<div class=\"fusion-fullwidth fullwidth-box fusion-builder-row-1 fusion-flex-container nonhundred-percent-fullwidth non-hundred-percent-height-scrolling\" style=\"--awb-border-radius-top-left:0px;--awb-border-radius-top-right:0px;--awb-border-radius-bottom-right:0px;--awb-border-radius-bottom-left:0px;\" ><div class=\"fusion-builder-row fusion-row fusion-flex-align-items-flex-start\" style=\"max-width:1996.8px;margin-left: calc(-4% \/ 2 );margin-right: calc(-4% \/ 2 );\"><div class=\"fusion-layout-column fusion_builder_column fusion-builder-column-0 fusion_builder_column_1_2 1_2 fusion-flex-column\" style=\"--awb-padding-left:9px;--awb-bg-blend:overlay;--awb-bg-size:cover;--awb-width-large:50%;--awb-margin-top-large:0px;--awb-spacing-right-large:3.84%;--awb-margin-bottom-large:0px;--awb-spacing-left-large:11.328%;--awb-width-medium:50%;--awb-spacing-right-medium:3.84%;--awb-spacing-left-medium:11.328%;--awb-width-small:100%;--awb-spacing-right-small:1.92%;--awb-spacing-left-small:1.92%;\"><div class=\"fusion-column-wrapper fusion-flex-justify-content-flex-start fusion-content-layout-column\"><div class=\"fusion-text fusion-text-1\"><h2><strong>Zosta\u0144 Sponsorem Carnavalu Sztukmistrz\u00f3w!<\/strong><\/h2>\n<p>Tytu\u0142 \u201eSponsora Festiwalu Carnaval Sztukmistrz\u00f3w 2026\u201e to doskona\u0142a inwestycja w budowanie wizerunku i zwi\u0119kszenie rozpoznawalno\u015bci Pa\u0144stwa marki.<\/p>\n<p>Wsp\u00f3\u0142praca z nami to szansa na dotarcie do szerokiej grupy odbiorc\u00f3w \u2013 zar\u00f3wno uczestnik\u00f3w wydarzenia, jak i dziesi\u0105tk\u00f3w tysi\u0119cy u\u017cytkownik\u00f3w \u015bledz\u0105cych festiwal w mediach tradycyjnych oraz cyfrowych. Obecno\u015b\u0107 w tak dynamicznym i inspiruj\u0105cym \u015brodowisku podkre\u015bli zaanga\u017cowanie Pa\u0144stwa firmy w kultur\u0119 i rozw\u00f3j spo\u0142eczno\u015bci lokalnej.<\/p>\n<p>Oferujemy elastyczne i dopasowane do Pa\u0144stwa potrzeb pakiety sponsorskie, kt\u00f3re obejmuj\u0105 r\u00f3\u017cnorodne formy promocji. Zakres i rodzaj \u015bwiadcze\u0144 uzgadniamy indywidualnie, dostosowuj\u0105c je do poziomu zaanga\u017cowania Sponsora.<\/p>\n<p>Je\u015bli chc\u0105 Pa\u0144stwo sta\u0107 si\u0119 cz\u0119\u015bci\u0105 tego wyj\u0105tkowego wydarzenia, zapraszamy do wsp\u00f3\u0142pracy! Razem mo\u017cemy stworzy\u0107 niezapomniane do\u015bwiadczenie, kt\u00f3re zarazem wzmocni wizerunek Pa\u0144stwa marki.<\/p>\n<\/div><div ><a class=\"fusion-button button-flat button-xlarge button-custom fusion-button-default button-1 fusion-button-span-yes fusion-button-default-type\" style=\"--button_accent_color:var(--awb-color1);--button_accent_hover_color:var(--awb-color1);--button_border_hover_color:var(--awb-color1);--button_gradient_top_color:var(--awb-color4);--button_gradient_bottom_color:var(--awb-color4);--button_gradient_top_color_hover:hsla(var(--awb-color4-h),calc(var(--awb-color4-s) - 5%),calc(var(--awb-color4-l) - 10%),var(--awb-color4-a));--button_gradient_bottom_color_hover:hsla(var(--awb-color4-h),calc(var(--awb-color4-s) - 5%),calc(var(--awb-color4-l) - 10%),var(--awb-color4-a));--button_margin-top:2%;--button_margin-bottom:2%;\" target=\"_blank\" rel=\"noopener noreferrer\" href=\"https:\/\/carnavallublin.eu\/wp-content\/uploads\/2026\/02\/Carnaval-Sztukmistrzow-2026-informacja-dla-sponsorow.pdf\"><span class=\"fusion-button-text\">pobierz prezentacj\u0119<\/span><\/a><\/div><div class=\"fusion-text fusion-text-2\" style=\"--awb-margin-top:2%;\"><h2><strong>KONTAKT<\/strong><\/h2>\n<p><strong>Anna Lewicka-Koksanowicz<\/strong><br \/>\n<strong>a.lewicka@warsztatykultury.pl<\/strong><br \/>\n795178855<\/p>\n<\/div><\/div><\/div><div class=\"fusion-layout-column fusion_builder_column fusion-builder-column-1 fusion_builder_column_1_2 1_2 fusion-flex-column\" style=\"--awb-bg-blend:overlay;--awb-bg-size:cover;--awb-width-large:50%;--awb-margin-top-large:0px;--awb-spacing-right-large:3.84%;--awb-margin-bottom-large:0px;--awb-spacing-left-large:3.84%;--awb-width-medium:50%;--awb-spacing-right-medium:3.84%;--awb-spacing-left-medium:3.84%;--awb-width-small:100%;--awb-spacing-right-small:1.92%;--awb-spacing-left-small:1.92%;\"><div class=\"fusion-column-wrapper fusion-flex-justify-content-flex-start fusion-content-layout-column\"><div class=\"fusion-image-element \" style=\"--awb-caption-title-font-family:var(--h2_typography-font-family);--awb-caption-title-font-weight:var(--h2_typography-font-weight);--awb-caption-title-font-style:var(--h2_typography-font-style);--awb-caption-title-size:var(--h2_typography-font-size);--awb-caption-title-transform:var(--h2_typography-text-transform);--awb-caption-title-line-height:var(--h2_typography-line-height);--awb-caption-title-letter-spacing:var(--h2_typography-letter-spacing);\"><span class=\" fusion-imageframe imageframe-none imageframe-1 hover-type-none\" class=\"image-magnify\" class=\"image-scroll\"><img decoding=\"async\" width=\"1536\" height=\"2173\" title=\"PLAKAT SEBASTIEN2\" src=\"https:\/\/carnavallublin.eu\/wp-content\/uploads\/2026\/04\/PLAKAT-SEBASTIEN2.png\" alt class=\"img-responsive wp-image-11135\" srcset=\"https:\/\/carnavallublin.eu\/wp-content\/uploads\/2026\/04\/PLAKAT-SEBASTIEN2-200x283.png 200w, https:\/\/carnavallublin.eu\/wp-content\/uploads\/2026\/04\/PLAKAT-SEBASTIEN2-400x566.png 400w, https:\/\/carnavallublin.eu\/wp-content\/uploads\/2026\/04\/PLAKAT-SEBASTIEN2-600x849.png 600w, https:\/\/carnavallublin.eu\/wp-content\/uploads\/2026\/04\/PLAKAT-SEBASTIEN2-800x1132.png 800w, https:\/\/carnavallublin.eu\/wp-content\/uploads\/2026\/04\/PLAKAT-SEBASTIEN2-1200x1698.png 1200w, https:\/\/carnavallublin.eu\/wp-content\/uploads\/2026\/04\/PLAKAT-SEBASTIEN2.png 1536w\" sizes=\"(max-width: 640px) 100vw, 1200px\" \/><\/span><\/div><\/div><\/div><\/div><\/div>\n","protected":false},"excerpt":{"rendered":"","protected":false},"author":4,"featured_media":0,"parent":0,"menu_order":0,"comment_status":"closed","ping_status":"closed","template":"","meta":{"ngg_post_thumbnail":0,"footnotes":""},"acf":[],"yoast_head":"<!-- This site is optimized with the Yoast SEO plugin v22.2 - https:\/\/yoast.com\/wordpress\/plugins\/seo\/ -->\n<title>Oferta Sponsorska Carnavalu Sztukmistrz\u00f3w<\/title>\n<meta name=\"description\" content=\"Wsp\u00f3\u0142praca z nami to szansa na dotarcie do szerokiej grupy odbiorc\u00f3w.\" \/>\n<meta name=\"robots\" content=\"index, follow, max-snippet:-1, max-image-preview:large, max-video-preview:-1\" \/>\n<link rel=\"canonical\" href=\"https:\/\/carnavallublin.eu\/pl\/oferta-sponsorska\/\" \/>\n<meta property=\"og:locale\" content=\"pl_PL\" \/>\n<meta property=\"og:type\" content=\"article\" \/>\n<meta property=\"og:title\" content=\"Oferta Sponsorska Carnavalu Sztukmistrz\u00f3w\" \/>\n<meta property=\"og:description\" content=\"Wsp\u00f3\u0142praca z nami to szansa na dotarcie do szerokiej grupy odbiorc\u00f3w.\" \/>\n<meta property=\"og:url\" content=\"https:\/\/carnavallublin.eu\/pl\/oferta-sponsorska\/\" \/>\n<meta property=\"og:site_name\" content=\"Carnaval Sztukmistrz\u00f3w\" \/>\n<meta property=\"article:modified_time\" content=\"2026-04-03T09:53:43+00:00\" \/>\n<meta name=\"twitter:card\" content=\"summary_large_image\" \/>\n<meta name=\"twitter:label1\" content=\"Szacowany czas czytania\" \/>\n\t<meta name=\"twitter:data1\" content=\"2 minuty\" \/>\n<script type=\"application\/ld+json\" class=\"yoast-schema-graph\">{\"@context\":\"https:\/\/schema.org\",\"@graph\":[{\"@type\":\"WebPage\",\"@id\":\"https:\/\/carnavallublin.eu\/pl\/oferta-sponsorska\/\",\"url\":\"https:\/\/carnavallublin.eu\/pl\/oferta-sponsorska\/\",\"name\":\"Oferta Sponsorska Carnavalu Sztukmistrz\u00f3w\",\"isPartOf\":{\"@id\":\"https:\/\/carnavallublin.eu\/pl\/#website\"},\"datePublished\":\"2025-05-21T12:37:45+00:00\",\"dateModified\":\"2026-04-03T09:53:43+00:00\",\"description\":\"Wsp\u00f3\u0142praca z nami to szansa na dotarcie do szerokiej grupy odbiorc\u00f3w.\",\"breadcrumb\":{\"@id\":\"https:\/\/carnavallublin.eu\/pl\/oferta-sponsorska\/#breadcrumb\"},\"inLanguage\":\"pl-PL\",\"potentialAction\":[{\"@type\":\"ReadAction\",\"target\":[\"https:\/\/carnavallublin.eu\/pl\/oferta-sponsorska\/\"]}]},{\"@type\":\"BreadcrumbList\",\"@id\":\"https:\/\/carnavallublin.eu\/pl\/oferta-sponsorska\/#breadcrumb\",\"itemListElement\":[{\"@type\":\"ListItem\",\"position\":1,\"name\":\"Strona g\u0142\u00f3wna\",\"item\":\"https:\/\/carnavallublin.eu\/pl\/\"},{\"@type\":\"ListItem\",\"position\":2,\"name\":\"Oferta Sponsorska\"}]},{\"@type\":\"WebSite\",\"@id\":\"https:\/\/carnavallublin.eu\/pl\/#website\",\"url\":\"https:\/\/carnavallublin.eu\/pl\/\",\"name\":\"Carnaval Sztukmistrz\u00f3w\",\"description\":\"\",\"publisher\":{\"@id\":\"https:\/\/carnavallublin.eu\/pl\/#organization\"},\"potentialAction\":[{\"@type\":\"SearchAction\",\"target\":{\"@type\":\"EntryPoint\",\"urlTemplate\":\"https:\/\/carnavallublin.eu\/pl\/?s={search_term_string}\"},\"query-input\":\"required name=search_term_string\"}],\"inLanguage\":\"pl-PL\"},{\"@type\":\"Organization\",\"@id\":\"https:\/\/carnavallublin.eu\/pl\/#organization\",\"name\":\"Carnaval Sztukmistrz\u00f3w\",\"url\":\"https:\/\/carnavallublin.eu\/pl\/\",\"logo\":{\"@type\":\"ImageObject\",\"inLanguage\":\"pl-PL\",\"@id\":\"https:\/\/carnavallublin.eu\/pl\/#\/schema\/logo\/image\/\",\"url\":\"https:\/\/carnavallublin.eu\/wp-content\/uploads\/2022\/02\/logo_rgb_www.jpg\",\"contentUrl\":\"https:\/\/carnavallublin.eu\/wp-content\/uploads\/2022\/02\/logo_rgb_www.jpg\",\"width\":1181,\"height\":689,\"caption\":\"Carnaval Sztukmistrz\u00f3w\"},\"image\":{\"@id\":\"https:\/\/carnavallublin.eu\/pl\/#\/schema\/logo\/image\/\"}}]}<\/script>\n<!-- \/ Yoast SEO plugin. -->","yoast_head_json":{"title":"Oferta Sponsorska Carnavalu Sztukmistrz\u00f3w","description":"Wsp\u00f3\u0142praca z nami to szansa na dotarcie do szerokiej grupy odbiorc\u00f3w.","robots":{"index":"index","follow":"follow","max-snippet":"max-snippet:-1","max-image-preview":"max-image-preview:large","max-video-preview":"max-video-preview:-1"},"canonical":"https:\/\/carnavallublin.eu\/pl\/oferta-sponsorska\/","og_locale":"pl_PL","og_type":"article","og_title":"Oferta Sponsorska Carnavalu Sztukmistrz\u00f3w","og_description":"Wsp\u00f3\u0142praca z nami to szansa na dotarcie do szerokiej grupy odbiorc\u00f3w.","og_url":"https:\/\/carnavallublin.eu\/pl\/oferta-sponsorska\/","og_site_name":"Carnaval Sztukmistrz\u00f3w","article_modified_time":"2026-04-03T09:53:43+00:00","twitter_card":"summary_large_image","twitter_misc":{"Szacowany czas czytania":"2 minuty"},"schema":{"@context":"https:\/\/schema.org","@graph":[{"@type":"WebPage","@id":"https:\/\/carnavallublin.eu\/pl\/oferta-sponsorska\/","url":"https:\/\/carnavallublin.eu\/pl\/oferta-sponsorska\/","name":"Oferta Sponsorska Carnavalu Sztukmistrz\u00f3w","isPartOf":{"@id":"https:\/\/carnavallublin.eu\/pl\/#website"},"datePublished":"2025-05-21T12:37:45+00:00","dateModified":"2026-04-03T09:53:43+00:00","description":"Wsp\u00f3\u0142praca z nami to szansa na dotarcie do szerokiej grupy odbiorc\u00f3w.","breadcrumb":{"@id":"https:\/\/carnavallublin.eu\/pl\/oferta-sponsorska\/#breadcrumb"},"inLanguage":"pl-PL","potentialAction":[{"@type":"ReadAction","target":["https:\/\/carnavallublin.eu\/pl\/oferta-sponsorska\/"]}]},{"@type":"BreadcrumbList","@id":"https:\/\/carnavallublin.eu\/pl\/oferta-sponsorska\/#breadcrumb","itemListElement":[{"@type":"ListItem","position":1,"name":"Strona g\u0142\u00f3wna","item":"https:\/\/carnavallublin.eu\/pl\/"},{"@type":"ListItem","position":2,"name":"Oferta Sponsorska"}]},{"@type":"WebSite","@id":"https:\/\/carnavallublin.eu\/pl\/#website","url":"https:\/\/carnavallublin.eu\/pl\/","name":"Carnaval Sztukmistrz\u00f3w","description":"","publisher":{"@id":"https:\/\/carnavallublin.eu\/pl\/#organization"},"potentialAction":[{"@type":"SearchAction","target":{"@type":"EntryPoint","urlTemplate":"https:\/\/carnavallublin.eu\/pl\/?s={search_term_string}"},"query-input":"required name=search_term_string"}],"inLanguage":"pl-PL"},{"@type":"Organization","@id":"https:\/\/carnavallublin.eu\/pl\/#organization","name":"Carnaval Sztukmistrz\u00f3w","url":"https:\/\/carnavallublin.eu\/pl\/","logo":{"@type":"ImageObject","inLanguage":"pl-PL","@id":"https:\/\/carnavallublin.eu\/pl\/#\/schema\/logo\/image\/","url":"https:\/\/carnavallublin.eu\/wp-content\/uploads\/2022\/02\/logo_rgb_www.jpg","contentUrl":"https:\/\/carnavallublin.eu\/wp-content\/uploads\/2022\/02\/logo_rgb_www.jpg","width":1181,"height":689,"caption":"Carnaval Sztukmistrz\u00f3w"},"image":{"@id":"https:\/\/carnavallublin.eu\/pl\/#\/schema\/logo\/image\/"}}]}},"_links":{"self":[{"href":"https:\/\/carnavallublin.eu\/pl\/wp-json\/wp\/v2\/pages\/9900"}],"collection":[{"href":"https:\/\/carnavallublin.eu\/pl\/wp-json\/wp\/v2\/pages"}],"about":[{"href":"https:\/\/carnavallublin.eu\/pl\/wp-json\/wp\/v2\/types\/page"}],"author":[{"embeddable":true,"href":"https:\/\/carnavallublin.eu\/pl\/wp-json\/wp\/v2\/users\/4"}],"replies":[{"embeddable":true,"href":"https:\/\/carnavallublin.eu\/pl\/wp-json\/wp\/v2\/comments?post=9900"}],"version-history":[{"count":15,"href":"https:\/\/carnavallublin.eu\/pl\/wp-json\/wp\/v2\/pages\/9900\/revisions"}],"predecessor-version":[{"id":11143,"href":"https:\/\/carnavallublin.eu\/pl\/wp-json\/wp\/v2\/pages\/9900\/revisions\/11143"}],"wp:attachment":[{"href":"https:\/\/carnavallublin.eu\/pl\/wp-json\/wp\/v2\/media?parent=9900"}],"curies":[{"name":"wp","href":"https:\/\/api.w.org\/{rel}","templated":true}]}}